{"id":139,"date":"2015-08-25T07:50:03","date_gmt":"2015-08-25T07:50:03","guid":{"rendered":"http:\/\/anhidacoruna.com\/web\/?page_id=139"},"modified":"2024-10-15T14:28:46","modified_gmt":"2024-10-15T14:28:46","slug":"nuestro-equipo-2","status":"publish","type":"page","link":"https:\/\/anhidacoruna.com\/web\/nosotros\/nuestro-equipo-2\/","title":{"rendered":"Nuestro equipo"},"content":{"rendered":"<p style=\"text-align: justify;\">El equipo de <strong>ANHIDACORU\u00d1A<\/strong> est\u00e1 formado por:<\/p>\n<ul>\n<li style=\"text-align: justify;\">Una <strong>Junta directiva<\/strong>, que adem\u00e1s de las funciones se\u00f1aladas en los estatutos, se re\u00fane asiduamente para valorar resultados obtenidos y objetivos a conseguir.Es imprescindible la colaboraci\u00f3n de cada uno de sus miembros para que esta asociaci\u00f3n tenga una continuidad y alcance sus metas.<br \/>\nLa Junta directiva est\u00e1 formada por madres y padre de chicos con TDAH y adem\u00e1s por personas que conviven con este trastorno.<\/li>\n<li style=\"text-align: justify;\">Un <strong>equipo de profesionales de distintos \u00e1mbitos relacionadas con la atenci\u00f3n a la diversidad en general<\/strong>, que colaboran y se coordinan con responsabilidad para alcanzar el principal objetivo de la asociaci\u00f3n: \u201cconseguir personas felices e integradas en la sociedad.\u201dEs un equipo din\u00e1mico con una importante profesionalidad e implicaci\u00f3n en su trabajo y <strong>con experiencia en la atenci\u00f3n a personas con TDAH y otros trastornos asociados y una sensibilidad especial para entender la diversidad<\/strong>.<\/li>\n<\/ul>\n<p><strong>Entre otros, est\u00e1 formado por profesionales educativos y sanitarios especializados en:<\/strong><\/p>\n<ul>\n<li>Problemas de comunicaci\u00f3n y aprendizaje<\/li>\n<li>Fracaso escolar<\/li>\n<li>Problemas cognitivos-conductualies derivados del TDAH<\/li>\n<li>Problemas emocionales y de estado de \u00e1nimo<\/li>\n<\/ul>\n","protected":false},"excerpt":{"rendered":"<p>El equipo de ANHIDACORU\u00d1A est\u00e1 formado por: Una Junta directiva, que adem\u00e1s de las funciones se\u00f1aladas en los estatutos, se re\u00fane asiduamente para valorar resultados obtenidos y objetivos a conseguir.Es imprescindible la colaboraci\u00f3n de cada uno de sus miembros para que esta asociaci\u00f3n tenga una continuidad y alcance sus metas. La Junta directiva est\u00e1 formada [&hellip;]<\/p>\n","protected":false},"author":2,"featured_media":0,"parent":13,"menu_order":0,"comment_status":"closed","ping_status":"closed","template":"","meta":{"footnotes":""},"class_list":["post-139","page","type-page","status-publish","hentry"],"yoast_head":"<!-- This site is optimized with the Yoast SEO plugin v26.3 - https:\/\/yoast.com\/wordpress\/plugins\/seo\/ -->\n<title>Nuestro equipo - ANHIDACORU\u00d1A<\/title>\n<meta name=\"robots\" content=\"index, follow, max-snippet:-1, max-image-preview:large, max-video-preview:-1\" \/>\n<link rel=\"canonical\" href=\"http:\/\/anhidacoruna.com\/web\/nosotros\/nuestro-equipo-2\/\" \/>\n<meta property=\"og:locale\" content=\"es_ES\" \/>\n<meta property=\"og:type\" content=\"article\" \/>\n<meta property=\"og:title\" content=\"Nuestro equipo - ANHIDACORU\u00d1A\" \/>\n<meta property=\"og:description\" content=\"El equipo de ANHIDACORU\u00d1A est\u00e1 formado por: Una Junta directiva, que adem\u00e1s de las funciones se\u00f1aladas en los estatutos, se re\u00fane asiduamente para valorar resultados obtenidos y objetivos a conseguir.Es imprescindible la colaboraci\u00f3n de cada uno de sus miembros para que esta asociaci\u00f3n tenga una continuidad y alcance sus metas. La Junta directiva est\u00e1 formada [&hellip;]\" \/>\n<meta property=\"og:url\" content=\"http:\/\/anhidacoruna.com\/web\/nosotros\/nuestro-equipo-2\/\" \/>\n<meta property=\"og:site_name\" content=\"ANHIDACORU\u00d1A\" \/>\n<meta property=\"article:publisher\" content=\"https:\/\/www.facebook.com\/anhidacoruna\" \/>\n<meta property=\"article:modified_time\" content=\"2024-10-15T14:28:46+00:00\" \/>\n<meta name=\"twitter:card\" content=\"summary_large_image\" \/>\n<meta name=\"twitter:site\" content=\"@anhidacoruna\" \/>\n<meta name=\"twitter:label1\" content=\"Tiempo de lectura\" \/>\n\t<meta name=\"twitter:data1\" content=\"1 minuto\" \/>\n<script type=\"application\/ld+json\" class=\"yoast-schema-graph\">{\"@context\":\"https:\/\/schema.org\",\"@graph\":[{\"@type\":\"WebPage\",\"@id\":\"http:\/\/anhidacoruna.com\/web\/nosotros\/nuestro-equipo-2\/\",\"url\":\"http:\/\/anhidacoruna.com\/web\/nosotros\/nuestro-equipo-2\/\",\"name\":\"Nuestro equipo - ANHIDACORU\u00d1A\",\"isPartOf\":{\"@id\":\"http:\/\/anhidacoruna.com\/web\/#website\"},\"datePublished\":\"2015-08-25T07:50:03+00:00\",\"dateModified\":\"2024-10-15T14:28:46+00:00\",\"breadcrumb\":{\"@id\":\"http:\/\/anhidacoruna.com\/web\/nosotros\/nuestro-equipo-2\/#breadcrumb\"},\"inLanguage\":\"es\",\"potentialAction\":[{\"@type\":\"ReadAction\",\"target\":[\"http:\/\/anhidacoruna.com\/web\/nosotros\/nuestro-equipo-2\/\"]}]},{\"@type\":\"BreadcrumbList\",\"@id\":\"http:\/\/anhidacoruna.com\/web\/nosotros\/nuestro-equipo-2\/#breadcrumb\",\"itemListElement\":[{\"@type\":\"ListItem\",\"position\":1,\"name\":\"Portada\",\"item\":\"http:\/\/anhidacoruna.com\/web\/\"},{\"@type\":\"ListItem\",\"position\":2,\"name\":\"Nosotros\",\"item\":\"https:\/\/anhidacoruna.com\/web\/nosotros\/\"},{\"@type\":\"ListItem\",\"position\":3,\"name\":\"Nuestro equipo\"}]},{\"@type\":\"WebSite\",\"@id\":\"http:\/\/anhidacoruna.com\/web\/#website\",\"url\":\"http:\/\/anhidacoruna.com\/web\/\",\"name\":\"ANHIDACORU\u00d1A\",\"description\":\"\",\"publisher\":{\"@id\":\"http:\/\/anhidacoruna.com\/web\/#organization\"},\"potentialAction\":[{\"@type\":\"SearchAction\",\"target\":{\"@type\":\"EntryPoint\",\"urlTemplate\":\"http:\/\/anhidacoruna.com\/web\/?s={search_term_string}\"},\"query-input\":{\"@type\":\"PropertyValueSpecification\",\"valueRequired\":true,\"valueName\":\"search_term_string\"}}],\"inLanguage\":\"es\"},{\"@type\":\"Organization\",\"@id\":\"http:\/\/anhidacoruna.com\/web\/#organization\",\"name\":\"ANHIDACORU\u00d1A\",\"url\":\"http:\/\/anhidacoruna.com\/web\/\",\"logo\":{\"@type\":\"ImageObject\",\"inLanguage\":\"es\",\"@id\":\"http:\/\/anhidacoruna.com\/web\/#\/schema\/logo\/image\/\",\"url\":\"https:\/\/anhidacoruna.com\/web\/wp-content\/uploads\/2015\/08\/logoanhida.jpg\",\"contentUrl\":\"https:\/\/anhidacoruna.com\/web\/wp-content\/uploads\/2015\/08\/logoanhida.jpg\",\"width\":259,\"height\":132,\"caption\":\"ANHIDACORU\u00d1A\"},\"image\":{\"@id\":\"http:\/\/anhidacoruna.com\/web\/#\/schema\/logo\/image\/\"},\"sameAs\":[\"https:\/\/www.facebook.com\/anhidacoruna\",\"https:\/\/x.com\/anhidacoruna\"]}]}<\/script>\n<!-- \/ Yoast SEO plugin. -->","yoast_head_json":{"title":"Nuestro equipo - ANHIDACORU\u00d1A","robots":{"index":"index","follow":"follow","max-snippet":"max-snippet:-1","max-image-preview":"max-image-preview:large","max-video-preview":"max-video-preview:-1"},"canonical":"http:\/\/anhidacoruna.com\/web\/nosotros\/nuestro-equipo-2\/","og_locale":"es_ES","og_type":"article","og_title":"Nuestro equipo - ANHIDACORU\u00d1A","og_description":"El equipo de ANHIDACORU\u00d1A est\u00e1 formado por: Una Junta directiva, que adem\u00e1s de las funciones se\u00f1aladas en los estatutos, se re\u00fane asiduamente para valorar resultados obtenidos y objetivos a conseguir.Es imprescindible la colaboraci\u00f3n de cada uno de sus miembros para que esta asociaci\u00f3n tenga una continuidad y alcance sus metas. La Junta directiva est\u00e1 formada [&hellip;]","og_url":"http:\/\/anhidacoruna.com\/web\/nosotros\/nuestro-equipo-2\/","og_site_name":"ANHIDACORU\u00d1A","article_publisher":"https:\/\/www.facebook.com\/anhidacoruna","article_modified_time":"2024-10-15T14:28:46+00:00","twitter_card":"summary_large_image","twitter_site":"@anhidacoruna","twitter_misc":{"Tiempo de lectura":"1 minuto"},"schema":{"@context":"https:\/\/schema.org","@graph":[{"@type":"WebPage","@id":"http:\/\/anhidacoruna.com\/web\/nosotros\/nuestro-equipo-2\/","url":"http:\/\/anhidacoruna.com\/web\/nosotros\/nuestro-equipo-2\/","name":"Nuestro equipo - ANHIDACORU\u00d1A","isPartOf":{"@id":"http:\/\/anhidacoruna.com\/web\/#website"},"datePublished":"2015-08-25T07:50:03+00:00","dateModified":"2024-10-15T14:28:46+00:00","breadcrumb":{"@id":"http:\/\/anhidacoruna.com\/web\/nosotros\/nuestro-equipo-2\/#breadcrumb"},"inLanguage":"es","potentialAction":[{"@type":"ReadAction","target":["http:\/\/anhidacoruna.com\/web\/nosotros\/nuestro-equipo-2\/"]}]},{"@type":"BreadcrumbList","@id":"http:\/\/anhidacoruna.com\/web\/nosotros\/nuestro-equipo-2\/#breadcrumb","itemListElement":[{"@type":"ListItem","position":1,"name":"Portada","item":"http:\/\/anhidacoruna.com\/web\/"},{"@type":"ListItem","position":2,"name":"Nosotros","item":"https:\/\/anhidacoruna.com\/web\/nosotros\/"},{"@type":"ListItem","position":3,"name":"Nuestro equipo"}]},{"@type":"WebSite","@id":"http:\/\/anhidacoruna.com\/web\/#website","url":"http:\/\/anhidacoruna.com\/web\/","name":"ANHIDACORU\u00d1A","description":"","publisher":{"@id":"http:\/\/anhidacoruna.com\/web\/#organization"},"potentialAction":[{"@type":"SearchAction","target":{"@type":"EntryPoint","urlTemplate":"http:\/\/anhidacoruna.com\/web\/?s={search_term_string}"},"query-input":{"@type":"PropertyValueSpecification","valueRequired":true,"valueName":"search_term_string"}}],"inLanguage":"es"},{"@type":"Organization","@id":"http:\/\/anhidacoruna.com\/web\/#organization","name":"ANHIDACORU\u00d1A","url":"http:\/\/anhidacoruna.com\/web\/","logo":{"@type":"ImageObject","inLanguage":"es","@id":"http:\/\/anhidacoruna.com\/web\/#\/schema\/logo\/image\/","url":"https:\/\/anhidacoruna.com\/web\/wp-content\/uploads\/2015\/08\/logoanhida.jpg","contentUrl":"https:\/\/anhidacoruna.com\/web\/wp-content\/uploads\/2015\/08\/logoanhida.jpg","width":259,"height":132,"caption":"ANHIDACORU\u00d1A"},"image":{"@id":"http:\/\/anhidacoruna.com\/web\/#\/schema\/logo\/image\/"},"sameAs":["https:\/\/www.facebook.com\/anhidacoruna","https:\/\/x.com\/anhidacoruna"]}]}},"_links":{"self":[{"href":"https:\/\/anhidacoruna.com\/web\/wp-json\/wp\/v2\/pages\/139","targetHints":{"allow":["GET"]}}],"collection":[{"href":"https:\/\/anhidacoruna.com\/web\/wp-json\/wp\/v2\/pages"}],"about":[{"href":"https:\/\/anhidacoruna.com\/web\/wp-json\/wp\/v2\/types\/page"}],"author":[{"embeddable":true,"href":"https:\/\/anhidacoruna.com\/web\/wp-json\/wp\/v2\/users\/2"}],"replies":[{"embeddable":true,"href":"https:\/\/anhidacoruna.com\/web\/wp-json\/wp\/v2\/comments?post=139"}],"version-history":[{"count":18,"href":"https:\/\/anhidacoruna.com\/web\/wp-json\/wp\/v2\/pages\/139\/revisions"}],"predecessor-version":[{"id":1708,"href":"https:\/\/anhidacoruna.com\/web\/wp-json\/wp\/v2\/pages\/139\/revisions\/1708"}],"up":[{"embeddable":true,"href":"https:\/\/anhidacoruna.com\/web\/wp-json\/wp\/v2\/pages\/13"}],"wp:attachment":[{"href":"https:\/\/anhidacoruna.com\/web\/wp-json\/wp\/v2\/media?parent=139"}],"curies":[{"name":"wp","href":"https:\/\/api.w.org\/{rel}","templated":true}]}}