{"id":841,"date":"2017-04-17T14:49:07","date_gmt":"2017-04-17T14:49:07","guid":{"rendered":"http:\/\/anhidacoruna.com\/web\/?page_id=841"},"modified":"2017-05-03T14:57:34","modified_gmt":"2017-05-03T14:57:34","slug":"xornada-formativa-grazas-a-diversidade","status":"publish","type":"page","link":"http:\/\/anhidacoruna.com\/web\/xornada-formativa-grazas-a-diversidade\/","title":{"rendered":"Xornada formativa &#8220;Grazas \u00e1 diversidade&#8221;"},"content":{"rendered":"<p>El <strong>13 de Mayo en Ferrol<\/strong> llevaremos a cabo la jornada <span style=\"color: #ff9900;\"><strong>&#8220;Grazas a diversidade&#8221;<\/strong><\/span>, con una temporalizaci\u00f3n\u00a0de ma\u00f1ana (9:30 a 14:00) y de tarde (16:00 a 19:00) en la que queremos seguir arrojando luz\u00a0sobre el<strong> TDAH<\/strong> y la <strong>diversidad en general.<\/strong><\/p>\n<p><a href=\"http:\/\/anhidacoruna.com\/web\/wp-content\/uploads\/2017\/04\/cartel-ferrol-definitivo.jpg\"><img loading=\"lazy\" decoding=\"async\" class=\"aligncenter size-full wp-image-847\" src=\"http:\/\/anhidacoruna.com\/web\/wp-content\/uploads\/2017\/04\/cartel-ferrol-definitivo.jpg\" alt=\"cartel ferrol definitivo\" width=\"2480\" height=\"3508\" srcset=\"http:\/\/anhidacoruna.com\/web\/wp-content\/uploads\/2017\/04\/cartel-ferrol-definitivo.jpg 2480w, http:\/\/anhidacoruna.com\/web\/wp-content\/uploads\/2017\/04\/cartel-ferrol-definitivo-212x300.jpg 212w, http:\/\/anhidacoruna.com\/web\/wp-content\/uploads\/2017\/04\/cartel-ferrol-definitivo-724x1024.jpg 724w\" sizes=\"auto, (max-width: 2480px) 100vw, 2480px\" \/><\/a><\/p>\n<p>La jornada est\u00e1 orientada a <strong>todo tipo de p\u00fablicos<\/strong>, aunque en el horario de tarde <strong>se har\u00e1n talleres espec\u00edficos para padres y madres, profesionales cl\u00ednicos y otro para profesionales del \u00e1mbito educativo<\/strong>. Tratando en todos ellos de aportar contenido espec\u00edfico y dotar a los asistentes de t\u00e9cnicas y estrategias que puedan trasladar a su vida familiar o profesional.<\/p>\n<p>A continuaci\u00f3n pod\u00e9is consultar el programa completo de la jornada.<\/p>\n<p><a href=\"http:\/\/anhidacoruna.com\/web\/wp-content\/uploads\/2017\/04\/programa-jornadas.jpg\"><img loading=\"lazy\" decoding=\"async\" class=\"aligncenter size-full wp-image-864\" src=\"http:\/\/anhidacoruna.com\/web\/wp-content\/uploads\/2017\/04\/programa-jornadas.jpg\" alt=\"programa jornadas\" width=\"2480\" height=\"3508\" srcset=\"http:\/\/anhidacoruna.com\/web\/wp-content\/uploads\/2017\/04\/programa-jornadas.jpg 2480w, http:\/\/anhidacoruna.com\/web\/wp-content\/uploads\/2017\/04\/programa-jornadas-212x300.jpg 212w, http:\/\/anhidacoruna.com\/web\/wp-content\/uploads\/2017\/04\/programa-jornadas-724x1024.jpg 724w\" sizes=\"auto, (max-width: 2480px) 100vw, 2480px\" \/><\/a><\/p>\n<p>Para facilitar la conciliaci\u00f3n de los asistentes al taller habr\u00e1\u00a0la posibilidad de dejar a los ni\u00f1os en un parque infantil pr\u00f3ximo de manera gratuita. Hay un n\u00famero limitado de plazas limitado que se asignar\u00e1 por estricto orden de inscripci\u00f3n.<\/p>\n<p>Para realizar la inscripci\u00f3n es suficiente con cubrir el siguiente formulario. Imprescindible indicar claramente en el mismo los que quieran hacer uso del parque infantil para los ni\u00f1os\/as. Habr\u00e1 un m\u00e1ximo de 2 ni\u00f1os\/as por cada adulto hasta agotar las plazas. Pr\u00f3ximamente daremos direcci\u00f3n exacta de dicho parque infantil.<br \/>\n<iframe loading=\"lazy\" src=\"https:\/\/docs.google.com\/forms\/d\/e\/1FAIpQLSdZA7vTjqpYP-75fjc05PHMrrL00_R7D3Mz6QM36PqrQZdgUA\/viewform?embedded=true\" width=\"760\" height=\"1700\" frameborder=\"0\" marginwidth=\"0\" marginheight=\"0\">Loading&#8230;<\/iframe><\/p>\n<p><span style=\"color: #ff9900;\"><strong>El espacio<\/strong><\/span><\/p>\n<p>La jornada tendr\u00e1 lugar en el <a href=\"http:\/\/www.ferrol.es\/contidos-es.aspx?id=7\" target=\"_blank\">Centro Cultural Carvalho Calero<\/a> situado en la calle Inferni\u00f1o n\u00famero 18 de Ferrol. Las charlas de por la ma\u00f1ana se llevar\u00e1n a cabo en su auditorio con una capacidad cercana a las 200 butacas. Para los talleres de por la tarde se utilizar\u00e1n diversos espacios situados en el mismo edificio. A continuaci\u00f3n os facilitamos la ubicaci\u00f3n exacta del lugar<br \/>\n<iframe loading=\"lazy\" style=\"border: 0;\" src=\"https:\/\/www.google.com\/maps\/embed?pb=!1m18!1m12!1m3!1d2894.560103715958!2d-8.224450084931771!3d43.49064987912718!2m3!1f0!2f0!3f0!3m2!1i1024!2i768!4f13.1!3m3!1m2!1s0xd2e7600b3ef3733%3A0x6cda04d4471aa332!2sCentro+Cultural+Carvalho+Calero!5e0!3m2!1ses!2ses!4v1493143380251\" width=\"750\" height=\"450\" frameborder=\"0\" allowfullscreen=\"allowfullscreen\"><\/iframe><\/p>\n<p>&nbsp;<\/p>\n","protected":false},"excerpt":{"rendered":"<p>El 13 de Mayo en Ferrol llevaremos a cabo la jornada &#8220;Grazas a diversidade&#8221;, con una temporalizaci\u00f3n\u00a0de ma\u00f1ana (9:30 a 14:00) y de tarde (16:00 a 19:00) en la que queremos seguir arrojando luz\u00a0sobre el TDAH y la diversidad en general. La jornada est\u00e1 orientada a todo tipo de p\u00fablicos, aunque en el horario de [&hellip;]<\/p>\n","protected":false},"author":2,"featured_media":0,"parent":0,"menu_order":0,"comment_status":"closed","ping_status":"closed","template":"","meta":{"footnotes":""},"class_list":["post-841","page","type-page","status-publish","hentry"],"yoast_head":"<!-- This site is optimized with the Yoast SEO plugin v26.3 - https:\/\/yoast.com\/wordpress\/plugins\/seo\/ -->\n<title>Xornada formativa &quot;Grazas \u00e1 diversidade&quot; - ANHIDACORU\u00d1A<\/title>\n<meta name=\"robots\" content=\"index, follow, max-snippet:-1, max-image-preview:large, max-video-preview:-1\" \/>\n<link rel=\"canonical\" href=\"http:\/\/anhidacoruna.com\/web\/xornada-formativa-grazas-a-diversidade\/\" \/>\n<meta property=\"og:locale\" content=\"es_ES\" \/>\n<meta property=\"og:type\" content=\"article\" \/>\n<meta property=\"og:title\" content=\"Xornada formativa &quot;Grazas \u00e1 diversidade&quot; - ANHIDACORU\u00d1A\" \/>\n<meta property=\"og:description\" content=\"El 13 de Mayo en Ferrol llevaremos a cabo la jornada &#8220;Grazas a diversidade&#8221;, con una temporalizaci\u00f3n\u00a0de ma\u00f1ana (9:30 a 14:00) y de tarde (16:00 a 19:00) en la que queremos seguir arrojando luz\u00a0sobre el TDAH y la diversidad en general. La jornada est\u00e1 orientada a todo tipo de p\u00fablicos, aunque en el horario de [&hellip;]\" \/>\n<meta property=\"og:url\" content=\"http:\/\/anhidacoruna.com\/web\/xornada-formativa-grazas-a-diversidade\/\" \/>\n<meta property=\"og:site_name\" content=\"ANHIDACORU\u00d1A\" \/>\n<meta property=\"article:publisher\" content=\"https:\/\/www.facebook.com\/anhidacoruna\" \/>\n<meta property=\"article:modified_time\" content=\"2017-05-03T14:57:34+00:00\" \/>\n<meta property=\"og:image\" content=\"http:\/\/anhidacoruna.com\/web\/wp-content\/uploads\/2017\/04\/cartel-ferrol-definitivo.jpg\" \/>\n<meta name=\"twitter:card\" content=\"summary_large_image\" \/>\n<meta name=\"twitter:site\" content=\"@anhidacoruna\" \/>\n<meta name=\"twitter:label1\" content=\"Tiempo de lectura\" \/>\n\t<meta name=\"twitter:data1\" content=\"1 minuto\" \/>\n<script type=\"application\/ld+json\" class=\"yoast-schema-graph\">{\"@context\":\"https:\/\/schema.org\",\"@graph\":[{\"@type\":\"WebPage\",\"@id\":\"http:\/\/anhidacoruna.com\/web\/xornada-formativa-grazas-a-diversidade\/\",\"url\":\"http:\/\/anhidacoruna.com\/web\/xornada-formativa-grazas-a-diversidade\/\",\"name\":\"Xornada formativa \\\"Grazas \u00e1 diversidade\\\" - ANHIDACORU\u00d1A\",\"isPartOf\":{\"@id\":\"http:\/\/anhidacoruna.com\/web\/#website\"},\"primaryImageOfPage\":{\"@id\":\"http:\/\/anhidacoruna.com\/web\/xornada-formativa-grazas-a-diversidade\/#primaryimage\"},\"image\":{\"@id\":\"http:\/\/anhidacoruna.com\/web\/xornada-formativa-grazas-a-diversidade\/#primaryimage\"},\"thumbnailUrl\":\"http:\/\/anhidacoruna.com\/web\/wp-content\/uploads\/2017\/04\/cartel-ferrol-definitivo.jpg\",\"datePublished\":\"2017-04-17T14:49:07+00:00\",\"dateModified\":\"2017-05-03T14:57:34+00:00\",\"breadcrumb\":{\"@id\":\"http:\/\/anhidacoruna.com\/web\/xornada-formativa-grazas-a-diversidade\/#breadcrumb\"},\"inLanguage\":\"es\",\"potentialAction\":[{\"@type\":\"ReadAction\",\"target\":[\"http:\/\/anhidacoruna.com\/web\/xornada-formativa-grazas-a-diversidade\/\"]}]},{\"@type\":\"ImageObject\",\"inLanguage\":\"es\",\"@id\":\"http:\/\/anhidacoruna.com\/web\/xornada-formativa-grazas-a-diversidade\/#primaryimage\",\"url\":\"http:\/\/anhidacoruna.com\/web\/wp-content\/uploads\/2017\/04\/cartel-ferrol-definitivo.jpg\",\"contentUrl\":\"http:\/\/anhidacoruna.com\/web\/wp-content\/uploads\/2017\/04\/cartel-ferrol-definitivo.jpg\",\"width\":2480,\"height\":3508},{\"@type\":\"BreadcrumbList\",\"@id\":\"http:\/\/anhidacoruna.com\/web\/xornada-formativa-grazas-a-diversidade\/#breadcrumb\",\"itemListElement\":[{\"@type\":\"ListItem\",\"position\":1,\"name\":\"Portada\",\"item\":\"http:\/\/anhidacoruna.com\/web\/\"},{\"@type\":\"ListItem\",\"position\":2,\"name\":\"Xornada formativa &#8220;Grazas \u00e1 diversidade&#8221;\"}]},{\"@type\":\"WebSite\",\"@id\":\"http:\/\/anhidacoruna.com\/web\/#website\",\"url\":\"http:\/\/anhidacoruna.com\/web\/\",\"name\":\"ANHIDACORU\u00d1A\",\"description\":\"\",\"publisher\":{\"@id\":\"http:\/\/anhidacoruna.com\/web\/#organization\"},\"potentialAction\":[{\"@type\":\"SearchAction\",\"target\":{\"@type\":\"EntryPoint\",\"urlTemplate\":\"http:\/\/anhidacoruna.com\/web\/?s={search_term_string}\"},\"query-input\":{\"@type\":\"PropertyValueSpecification\",\"valueRequired\":true,\"valueName\":\"search_term_string\"}}],\"inLanguage\":\"es\"},{\"@type\":\"Organization\",\"@id\":\"http:\/\/anhidacoruna.com\/web\/#organization\",\"name\":\"ANHIDACORU\u00d1A\",\"url\":\"http:\/\/anhidacoruna.com\/web\/\",\"logo\":{\"@type\":\"ImageObject\",\"inLanguage\":\"es\",\"@id\":\"http:\/\/anhidacoruna.com\/web\/#\/schema\/logo\/image\/\",\"url\":\"https:\/\/anhidacoruna.com\/web\/wp-content\/uploads\/2015\/08\/logoanhida.jpg\",\"contentUrl\":\"https:\/\/anhidacoruna.com\/web\/wp-content\/uploads\/2015\/08\/logoanhida.jpg\",\"width\":259,\"height\":132,\"caption\":\"ANHIDACORU\u00d1A\"},\"image\":{\"@id\":\"http:\/\/anhidacoruna.com\/web\/#\/schema\/logo\/image\/\"},\"sameAs\":[\"https:\/\/www.facebook.com\/anhidacoruna\",\"https:\/\/x.com\/anhidacoruna\"]}]}<\/script>\n<!-- \/ Yoast SEO plugin. -->","yoast_head_json":{"title":"Xornada formativa \"Grazas \u00e1 diversidade\" - ANHIDACORU\u00d1A","robots":{"index":"index","follow":"follow","max-snippet":"max-snippet:-1","max-image-preview":"max-image-preview:large","max-video-preview":"max-video-preview:-1"},"canonical":"http:\/\/anhidacoruna.com\/web\/xornada-formativa-grazas-a-diversidade\/","og_locale":"es_ES","og_type":"article","og_title":"Xornada formativa \"Grazas \u00e1 diversidade\" - ANHIDACORU\u00d1A","og_description":"El 13 de Mayo en Ferrol llevaremos a cabo la jornada &#8220;Grazas a diversidade&#8221;, con una temporalizaci\u00f3n\u00a0de ma\u00f1ana (9:30 a 14:00) y de tarde (16:00 a 19:00) en la que queremos seguir arrojando luz\u00a0sobre el TDAH y la diversidad en general. La jornada est\u00e1 orientada a todo tipo de p\u00fablicos, aunque en el horario de [&hellip;]","og_url":"http:\/\/anhidacoruna.com\/web\/xornada-formativa-grazas-a-diversidade\/","og_site_name":"ANHIDACORU\u00d1A","article_publisher":"https:\/\/www.facebook.com\/anhidacoruna","article_modified_time":"2017-05-03T14:57:34+00:00","og_image":[{"url":"http:\/\/anhidacoruna.com\/web\/wp-content\/uploads\/2017\/04\/cartel-ferrol-definitivo.jpg","type":"","width":"","height":""}],"twitter_card":"summary_large_image","twitter_site":"@anhidacoruna","twitter_misc":{"Tiempo de lectura":"1 minuto"},"schema":{"@context":"https:\/\/schema.org","@graph":[{"@type":"WebPage","@id":"http:\/\/anhidacoruna.com\/web\/xornada-formativa-grazas-a-diversidade\/","url":"http:\/\/anhidacoruna.com\/web\/xornada-formativa-grazas-a-diversidade\/","name":"Xornada formativa \"Grazas \u00e1 diversidade\" - ANHIDACORU\u00d1A","isPartOf":{"@id":"http:\/\/anhidacoruna.com\/web\/#website"},"primaryImageOfPage":{"@id":"http:\/\/anhidacoruna.com\/web\/xornada-formativa-grazas-a-diversidade\/#primaryimage"},"image":{"@id":"http:\/\/anhidacoruna.com\/web\/xornada-formativa-grazas-a-diversidade\/#primaryimage"},"thumbnailUrl":"http:\/\/anhidacoruna.com\/web\/wp-content\/uploads\/2017\/04\/cartel-ferrol-definitivo.jpg","datePublished":"2017-04-17T14:49:07+00:00","dateModified":"2017-05-03T14:57:34+00:00","breadcrumb":{"@id":"http:\/\/anhidacoruna.com\/web\/xornada-formativa-grazas-a-diversidade\/#breadcrumb"},"inLanguage":"es","potentialAction":[{"@type":"ReadAction","target":["http:\/\/anhidacoruna.com\/web\/xornada-formativa-grazas-a-diversidade\/"]}]},{"@type":"ImageObject","inLanguage":"es","@id":"http:\/\/anhidacoruna.com\/web\/xornada-formativa-grazas-a-diversidade\/#primaryimage","url":"http:\/\/anhidacoruna.com\/web\/wp-content\/uploads\/2017\/04\/cartel-ferrol-definitivo.jpg","contentUrl":"http:\/\/anhidacoruna.com\/web\/wp-content\/uploads\/2017\/04\/cartel-ferrol-definitivo.jpg","width":2480,"height":3508},{"@type":"BreadcrumbList","@id":"http:\/\/anhidacoruna.com\/web\/xornada-formativa-grazas-a-diversidade\/#breadcrumb","itemListElement":[{"@type":"ListItem","position":1,"name":"Portada","item":"http:\/\/anhidacoruna.com\/web\/"},{"@type":"ListItem","position":2,"name":"Xornada formativa &#8220;Grazas \u00e1 diversidade&#8221;"}]},{"@type":"WebSite","@id":"http:\/\/anhidacoruna.com\/web\/#website","url":"http:\/\/anhidacoruna.com\/web\/","name":"ANHIDACORU\u00d1A","description":"","publisher":{"@id":"http:\/\/anhidacoruna.com\/web\/#organization"},"potentialAction":[{"@type":"SearchAction","target":{"@type":"EntryPoint","urlTemplate":"http:\/\/anhidacoruna.com\/web\/?s={search_term_string}"},"query-input":{"@type":"PropertyValueSpecification","valueRequired":true,"valueName":"search_term_string"}}],"inLanguage":"es"},{"@type":"Organization","@id":"http:\/\/anhidacoruna.com\/web\/#organization","name":"ANHIDACORU\u00d1A","url":"http:\/\/anhidacoruna.com\/web\/","logo":{"@type":"ImageObject","inLanguage":"es","@id":"http:\/\/anhidacoruna.com\/web\/#\/schema\/logo\/image\/","url":"https:\/\/anhidacoruna.com\/web\/wp-content\/uploads\/2015\/08\/logoanhida.jpg","contentUrl":"https:\/\/anhidacoruna.com\/web\/wp-content\/uploads\/2015\/08\/logoanhida.jpg","width":259,"height":132,"caption":"ANHIDACORU\u00d1A"},"image":{"@id":"http:\/\/anhidacoruna.com\/web\/#\/schema\/logo\/image\/"},"sameAs":["https:\/\/www.facebook.com\/anhidacoruna","https:\/\/x.com\/anhidacoruna"]}]}},"_links":{"self":[{"href":"http:\/\/anhidacoruna.com\/web\/wp-json\/wp\/v2\/pages\/841","targetHints":{"allow":["GET"]}}],"collection":[{"href":"http:\/\/anhidacoruna.com\/web\/wp-json\/wp\/v2\/pages"}],"about":[{"href":"http:\/\/anhidacoruna.com\/web\/wp-json\/wp\/v2\/types\/page"}],"author":[{"embeddable":true,"href":"http:\/\/anhidacoruna.com\/web\/wp-json\/wp\/v2\/users\/2"}],"replies":[{"embeddable":true,"href":"http:\/\/anhidacoruna.com\/web\/wp-json\/wp\/v2\/comments?post=841"}],"version-history":[{"count":17,"href":"http:\/\/anhidacoruna.com\/web\/wp-json\/wp\/v2\/pages\/841\/revisions"}],"predecessor-version":[{"id":865,"href":"http:\/\/anhidacoruna.com\/web\/wp-json\/wp\/v2\/pages\/841\/revisions\/865"}],"wp:attachment":[{"href":"http:\/\/anhidacoruna.com\/web\/wp-json\/wp\/v2\/media?parent=841"}],"curies":[{"name":"wp","href":"https:\/\/api.w.org\/{rel}","templated":true}]}}