{"id":837,"date":"2017-03-27T15:44:54","date_gmt":"2017-03-27T15:44:54","guid":{"rendered":"http:\/\/anhidacoruna.com\/web\/?page_id=837"},"modified":"2024-05-14T10:05:13","modified_gmt":"2024-05-14T10:05:13","slug":"transparencia","status":"publish","type":"page","link":"http:\/\/anhidacoruna.com\/web\/transparencia\/","title":{"rendered":"Transparencia"},"content":{"rendered":"<p>En esta secci\u00f3n puedes consultar los siguientes archivos referidos a nuestra asociaci\u00f3n.<\/p>\n<p>Accede a los estatutos de la Asociaci\u00f3n<a href=\"http:\/\/anhidacoruna.com\/web\/wp-content\/uploads\/2021\/04\/ESTATUTOS-ANHIDACORU\u00d1A.pdf\" target=\"_blank\" rel=\"noopener\"> a trav\u00e9s de\u00a0este enlace<\/a><\/p>\n<h3>Memoria de actividades del a\u00f1o 2023, puedes descargarla desde el siguiente enlace<\/h3>\n<p style=\"margin: 12px auto 6px auto; font-family: Helvetica,Arial,Sans-serif; font-style: normal; font-variant: normal; font-weight: normal; font-size: 14px; line-height: normal; font-size-adjust: none; font-stretch: normal; -x-system-font: none; display: block;\"><a style=\"text-decoration: underline;\" title=\"View Memoria Anual 2023 Definitiva on Scribd\" href=\"https:\/\/www.scribd.com\/document\/732358767\/Memoria-Anual-2023-Definitiva#from_embed\">Memoria Anual 2023 Definitiva<\/a> by <a style=\"text-decoration: underline;\" title=\"View anhidamultimedia's profile on Scribd\" href=\"https:\/\/www.scribd.com\/user\/748782725\/anhidamultimedia#from_embed\">anhidamultimedia<\/a> on Scribd<\/p>\n<p><iframe loading=\"lazy\" id=\"doc_93308\" class=\"scribd_iframe_embed\" title=\"Memoria Anual 2023 Definitiva\" src=\"https:\/\/www.scribd.com\/embeds\/732358767\/content?start_page=1&amp;view_mode=scroll&amp;access_key=key-sDEH7yLkXZlqddNg8ORu\" width=\"100%\" height=\"600\" frameborder=\"0\" scrolling=\"no\" data-auto-height=\"false\" data-aspect-ratio=\"0.7066666666666667\"><\/iframe><\/p>\n<h3>Memoria de actividades del a\u00f1o 2022, puedes descargarla desde Scribd<\/h3>\n<p style=\"margin: 12px auto 6px auto; font-family: Helvetica,Arial,Sans-serif; font-style: normal; font-variant: normal; font-weight: normal; font-size: 14px; line-height: normal; font-size-adjust: none; font-stretch: normal; -x-system-font: none; display: block;\"><a style=\"text-decoration: underline;\" title=\"View Memoria Anual ANHIDACORU\u00d1A 2022  on Scribd\" href=\"https:\/\/www.scribd.com\/document\/732359116\/Memoria-Anual-ANHIDACORUNA-2022#from_embed\">Memoria Anual ANHIDACORU\u00d1A 2022<\/a> by <a style=\"text-decoration: underline;\" title=\"View anhidamultimedia's profile on Scribd\" href=\"https:\/\/www.scribd.com\/user\/748782725\/anhidamultimedia#from_embed\">anhidamultimedia<\/a> on Scribd<\/p>\n<p><iframe loading=\"lazy\" id=\"doc_57729\" class=\"scribd_iframe_embed\" title=\"Memoria Anual ANHIDACORU\u00d1A 2022 \" src=\"https:\/\/www.scribd.com\/embeds\/732359116\/content?start_page=1&amp;view_mode=scroll&amp;access_key=key-yXuAvJMoXizL8fFl8334\" width=\"100%\" height=\"600\" frameborder=\"0\" scrolling=\"no\" data-auto-height=\"false\" data-aspect-ratio=\"0.7055599060297573\"><\/iframe><\/p>\n<h3>Memoria de actividades del a\u00f1o 2021, puedes descargarla desde Scribd<\/h3>\n<p style=\"margin: 12px auto 6px auto; font-family: Helvetica,Arial,Sans-serif; font-style: normal; font-variant: normal; font-weight: normal; font-size: 14px; line-height: normal; font-size-adjust: none; font-stretch: normal; -x-system-font: none; display: block;\"><a style=\"text-decoration: underline;\" title=\"View Memoria AnhidaCorun\u0303a 2021 on Scribd\" href=\"https:\/\/www.scribd.com\/document\/732359512\/Memoria-AnhidaCorun-a-2021#from_embed\">Memoria AnhidaCorun\u0303a 2021<\/a> by <a style=\"text-decoration: underline;\" title=\"View anhidamultimedia's profile on Scribd\" href=\"https:\/\/www.scribd.com\/user\/748782725\/anhidamultimedia#from_embed\">anhidamultimedia<\/a> on Scribd<\/p>\n<p><iframe loading=\"lazy\" id=\"doc_23061\" class=\"scribd_iframe_embed\" title=\"Memoria AnhidaCorun\u0303a 2021\" src=\"https:\/\/www.scribd.com\/embeds\/732359512\/content?start_page=1&amp;view_mode=scroll&amp;access_key=key-dntOY9tW2TMHI5trYF7F\" width=\"100%\" height=\"600\" frameborder=\"0\" scrolling=\"no\" data-auto-height=\"false\" data-aspect-ratio=\"0.7080062794348508\"><\/iframe><\/p>\n<h3>Memoria de actividades del a\u00f1o 2020, puedes descargarla a trav\u00e9s de Scribd<\/h3>\n<p style=\"margin: 12px auto 6px auto; font-family: Helvetica,Arial,Sans-serif; font-style: normal; font-variant: normal; font-weight: normal; font-size: 14px; line-height: normal; font-size-adjust: none; font-stretch: normal; -x-system-font: none; display: block;\"><a style=\"text-decoration: underline;\" title=\"View Memoria Anhida 2020 (Ed 2021) on Scribd\" href=\"https:\/\/www.scribd.com\/document\/503782698\/Memoria-Anhida-2020-Ed-2021#from_embed\">Memoria Anhida 2020 (Ed 2021)<\/a> by <a style=\"text-decoration: underline;\" title=\"View ANHIDA CORUNA's profile on Scribd\" href=\"https:\/\/www.scribd.com\/user\/547898907\/ANHIDA-CORUNA#from_embed\">ANHIDA CORUNA<\/a> on Scribd<\/p>\n<h3><iframe loading=\"lazy\" id=\"doc_75291\" class=\"scribd_iframe_embed\" title=\"Memoria Anhida 2020 (Ed 2021)\" src=\"https:\/\/es.scribd.com\/embeds\/503782698\/content?start_page=1&amp;view_mode=scroll&amp;access_key=key-fMsT2fKWDTUvEpxVp8yI\" width=\"100%\" height=\"600\" frameborder=\"0\" scrolling=\"no\" data-auto-height=\"true\" data-aspect-ratio=\"0.7080062794348508\"><\/iframe><script type=\"text\/javascript\">\/\/ <![CDATA[\n(function() { var scribd = document.createElement(\"script\"); scribd.type = \"text\/javascript\"; scribd.async = true; scribd.src = \"https:\/\/es.scribd.com\/javascripts\/embed_code\/inject.js\"; var s = document.getElementsByTagName(\"script\")[0]; s.parentNode.insertBefore(scribd, s); })();<br \/>\n\/\/ ]]><\/script><br \/>\nMemoria de actividades del a\u00f1o 2019, puedes descargarla a trav\u00e9s de Scribd<br \/>\n<iframe loading=\"lazy\" class=\"scribd_iframe_embed\" tabindex=\"0\" title=\"Memoria Anhidacoru\u00f1a 2019 \" src=\"https:\/\/www.scribd.com\/embeds\/506731902\/content?start_page=1&amp;view_mode=scroll&amp;access_key=key-Y1kCAOOWaBgTGsrDWCQM\" width=\"100%\" height=\"600\" frameborder=\"0\" scrolling=\"no\" data-auto-height=\"true\" data-aspect-ratio=\"0.7080062794348508\"><\/iframe><\/h3>\n<p style=\"margin: 12px auto 6px auto; font-family: Helvetica,Arial,Sans-serif; font-style: normal; font-variant: normal; font-weight: normal; font-size: 14px; line-height: normal; font-size-adjust: none; font-stretch: normal; -x-system-font: none; display: block;\"><a style=\"text-decoration: underline;\" title=\"View Memoria Anhidacoru\u00f1a 2019  on Scribd\" href=\"https:\/\/www.scribd.com\/document\/506731902\/Memoria-Anhidacoruna-2019#from_embed\">Memoria Anhidacoru\u00f1a 2019 <\/a> by <a style=\"text-decoration: underline;\" title=\"View ANHIDA CORUNA's profile on Scribd\" href=\"https:\/\/www.scribd.com\/user\/547898907\/ANHIDA-CORUNA#from_embed\">ANHIDA CORUNA<\/a><\/p>\n<h3>Memoria de actividades del a\u00f1o 2018, puedes descargarla a trav\u00e9s de Scribd<br \/>\n<iframe loading=\"lazy\" class=\"scribd_iframe_embed\" tabindex=\"0\" title=\"Memoria Anhidacoru\u00f1a 2018 \" src=\"https:\/\/www.scribd.com\/embeds\/506731894\/content?start_page=1&amp;view_mode=scroll&amp;access_key=key-hj7KuPeDvQQhBomMXjY9\" width=\"100%\" height=\"600\" frameborder=\"0\" scrolling=\"no\" data-auto-height=\"true\" data-aspect-ratio=\"0.7080062794348508\"><\/iframe><\/h3>\n<p style=\"margin: 12px auto 6px auto; font-family: Helvetica,Arial,Sans-serif; font-style: normal; font-variant: normal; font-weight: normal; font-size: 14px; line-height: normal; font-size-adjust: none; font-stretch: normal; -x-system-font: none; display: block;\"><a style=\"text-decoration: underline;\" title=\"View Memoria Anhidacoru\u00f1a 2018  on Scribd\" href=\"https:\/\/www.scribd.com\/document\/506731894\/Memoria-Anhidacoruna-2018#from_embed\">Memoria Anhidacoru\u00f1a 2018 <\/a> by <a style=\"text-decoration: underline;\" title=\"View ANHIDA CORUNA's profile on Scribd\" href=\"https:\/\/www.scribd.com\/user\/547898907\/ANHIDA-CORUNA#from_embed\">ANHIDA CORUNA<\/a><\/p>\n<h3>Memoria de actividades del a\u00f1o 2017, puedes descargarla a trav\u00e9s de Scribd<\/h3>\n<p style=\"margin: 12px auto 6px auto; font-family: Helvetica,Arial,Sans-serif; font-style: normal; font-variant: normal; font-weight: normal; font-size: 14px; line-height: normal; font-size-adjust: none; font-stretch: normal; -x-system-font: none; display: block;\"><a style=\"text-decoration: underline;\" title=\"View Memoria Anhidacoru\u00f1a 2017  on Scribd\" href=\"https:\/\/www.scribd.com\/document\/506731891\/Memoria-Anhidacoruna-2017#from_embed\">Memoria Anhidacoru\u00f1a 2017<\/a> by <a style=\"text-decoration: underline;\" title=\"View ANHIDA CORUNA's profile on Scribd\" href=\"https:\/\/www.scribd.com\/user\/547898907\/ANHIDA-CORUNA#from_embed\">ANHIDA CORUNA<\/a> on Scribd<\/p>\n<p><iframe loading=\"lazy\" id=\"doc_49187\" class=\"scribd_iframe_embed\" title=\"Memoria Anhidacoru\u00f1a 2017 \" src=\"https:\/\/es.scribd.com\/embeds\/506731891\/content?start_page=1&amp;view_mode=scroll&amp;access_key=key-py0EDVj0ERn7SDIwxEJC\" width=\"100%\" height=\"600\" frameborder=\"0\" scrolling=\"no\" data-auto-height=\"false\" data-aspect-ratio=\"0.7080062794348508\"><\/iframe><\/p>\n<h3>Memoria de actividades del a\u00f1o 2016, puedes descargarla a trav\u00e9s de Scribd<\/h3>\n<p style=\"margin: 12px auto 6px auto; font-family: Helvetica,Arial,Sans-serif; font-style: normal; font-variant: normal; font-weight: normal; font-size: 14px; line-height: normal; font-size-adjust: none; font-stretch: normal; -x-system-font: none; display: block;\"><a style=\"text-decoration: underline;\" title=\"View Memoria Anhidacoru\u00f1a 2016 C on Scribd\" href=\"https:\/\/www.scribd.com\/document\/366894938\/Memoria-Anhidacoruna-2016-C#from_embed\">Memoria Anhidacoru\u00f1a 2016 C<\/a> by <a style=\"text-decoration: underline;\" title=\"View Juan Ramos's profile on Scribd\" href=\"https:\/\/www.scribd.com\/user\/113772888\/Juan-Ramos#from_embed\">Juan Ramos<\/a> on Scribd<\/p>\n<p><iframe loading=\"lazy\" id=\"doc_72050\" class=\"scribd_iframe_embed\" title=\"Memoria Anhidacoru\u00f1a 2016 C\" src=\"https:\/\/www.scribd.com\/embeds\/366894938\/content?start_page=1&amp;view_mode=scroll&amp;access_key=key-nJrh7GquwwwnjrW5eIJb&amp;show_recommendations=true\" width=\"600\" height=\"800\" frameborder=\"0\" scrolling=\"no\" data-auto-height=\"false\" data-aspect-ratio=\"0.7080062794348508\"><\/iframe><\/p>\n<p><a href=\"http:\/\/anhidacoruna.com\/web\/wp-content\/uploads\/2017\/02\/Mem_Ac_Fin_Anhidacorun\u0303a_-2015XGal.pdf\" target=\"_blank\" rel=\"noopener\">Memoria de actividades del a\u00f1o 2015<\/a><\/p>\n","protected":false},"excerpt":{"rendered":"<p>En esta secci\u00f3n puedes consultar los siguientes archivos referidos a nuestra asociaci\u00f3n. Accede a los estatutos de la Asociaci\u00f3n a trav\u00e9s de\u00a0este enlace Memoria de actividades del a\u00f1o 2023, puedes descargarla desde el siguiente enlace Memoria Anual 2023 Definitiva by anhidamultimedia on Scribd Memoria de actividades del a\u00f1o 2022, puedes descargarla desde Scribd Memoria Anual [&hellip;]<\/p>\n","protected":false},"author":2,"featured_media":0,"parent":0,"menu_order":0,"comment_status":"closed","ping_status":"closed","template":"","meta":{"footnotes":""},"class_list":["post-837","page","type-page","status-publish","hentry"],"yoast_head":"<!-- This site is optimized with the Yoast SEO plugin v26.3 - https:\/\/yoast.com\/wordpress\/plugins\/seo\/ -->\n<title>Transparencia - ANHIDACORU\u00d1A<\/title>\n<meta name=\"robots\" content=\"index, follow, max-snippet:-1, max-image-preview:large, max-video-preview:-1\" \/>\n<link rel=\"canonical\" href=\"http:\/\/anhidacoruna.com\/web\/transparencia\/\" \/>\n<meta property=\"og:locale\" content=\"es_ES\" \/>\n<meta property=\"og:type\" content=\"article\" \/>\n<meta property=\"og:title\" content=\"Transparencia - ANHIDACORU\u00d1A\" \/>\n<meta property=\"og:description\" content=\"En esta secci\u00f3n puedes consultar los siguientes archivos referidos a nuestra asociaci\u00f3n. Accede a los estatutos de la Asociaci\u00f3n a trav\u00e9s de\u00a0este enlace Memoria de actividades del a\u00f1o 2023, puedes descargarla desde el siguiente enlace Memoria Anual 2023 Definitiva by anhidamultimedia on Scribd Memoria de actividades del a\u00f1o 2022, puedes descargarla desde Scribd Memoria Anual [&hellip;]\" \/>\n<meta property=\"og:url\" content=\"http:\/\/anhidacoruna.com\/web\/transparencia\/\" \/>\n<meta property=\"og:site_name\" content=\"ANHIDACORU\u00d1A\" \/>\n<meta property=\"article:publisher\" content=\"https:\/\/www.facebook.com\/anhidacoruna\" \/>\n<meta property=\"article:modified_time\" content=\"2024-05-14T10:05:13+00:00\" \/>\n<meta name=\"twitter:card\" content=\"summary_large_image\" \/>\n<meta name=\"twitter:site\" content=\"@anhidacoruna\" \/>\n<meta name=\"twitter:label1\" content=\"Tiempo de lectura\" \/>\n\t<meta name=\"twitter:data1\" content=\"1 minuto\" \/>\n<script type=\"application\/ld+json\" class=\"yoast-schema-graph\">{\"@context\":\"https:\/\/schema.org\",\"@graph\":[{\"@type\":\"WebPage\",\"@id\":\"http:\/\/anhidacoruna.com\/web\/transparencia\/\",\"url\":\"http:\/\/anhidacoruna.com\/web\/transparencia\/\",\"name\":\"Transparencia - ANHIDACORU\u00d1A\",\"isPartOf\":{\"@id\":\"http:\/\/anhidacoruna.com\/web\/#website\"},\"datePublished\":\"2017-03-27T15:44:54+00:00\",\"dateModified\":\"2024-05-14T10:05:13+00:00\",\"breadcrumb\":{\"@id\":\"http:\/\/anhidacoruna.com\/web\/transparencia\/#breadcrumb\"},\"inLanguage\":\"es\",\"potentialAction\":[{\"@type\":\"ReadAction\",\"target\":[\"http:\/\/anhidacoruna.com\/web\/transparencia\/\"]}]},{\"@type\":\"BreadcrumbList\",\"@id\":\"http:\/\/anhidacoruna.com\/web\/transparencia\/#breadcrumb\",\"itemListElement\":[{\"@type\":\"ListItem\",\"position\":1,\"name\":\"Portada\",\"item\":\"http:\/\/anhidacoruna.com\/web\/\"},{\"@type\":\"ListItem\",\"position\":2,\"name\":\"Transparencia\"}]},{\"@type\":\"WebSite\",\"@id\":\"http:\/\/anhidacoruna.com\/web\/#website\",\"url\":\"http:\/\/anhidacoruna.com\/web\/\",\"name\":\"ANHIDACORU\u00d1A\",\"description\":\"\",\"publisher\":{\"@id\":\"http:\/\/anhidacoruna.com\/web\/#organization\"},\"potentialAction\":[{\"@type\":\"SearchAction\",\"target\":{\"@type\":\"EntryPoint\",\"urlTemplate\":\"http:\/\/anhidacoruna.com\/web\/?s={search_term_string}\"},\"query-input\":{\"@type\":\"PropertyValueSpecification\",\"valueRequired\":true,\"valueName\":\"search_term_string\"}}],\"inLanguage\":\"es\"},{\"@type\":\"Organization\",\"@id\":\"http:\/\/anhidacoruna.com\/web\/#organization\",\"name\":\"ANHIDACORU\u00d1A\",\"url\":\"http:\/\/anhidacoruna.com\/web\/\",\"logo\":{\"@type\":\"ImageObject\",\"inLanguage\":\"es\",\"@id\":\"http:\/\/anhidacoruna.com\/web\/#\/schema\/logo\/image\/\",\"url\":\"https:\/\/anhidacoruna.com\/web\/wp-content\/uploads\/2015\/08\/logoanhida.jpg\",\"contentUrl\":\"https:\/\/anhidacoruna.com\/web\/wp-content\/uploads\/2015\/08\/logoanhida.jpg\",\"width\":259,\"height\":132,\"caption\":\"ANHIDACORU\u00d1A\"},\"image\":{\"@id\":\"http:\/\/anhidacoruna.com\/web\/#\/schema\/logo\/image\/\"},\"sameAs\":[\"https:\/\/www.facebook.com\/anhidacoruna\",\"https:\/\/x.com\/anhidacoruna\"]}]}<\/script>\n<!-- \/ Yoast SEO plugin. -->","yoast_head_json":{"title":"Transparencia - ANHIDACORU\u00d1A","robots":{"index":"index","follow":"follow","max-snippet":"max-snippet:-1","max-image-preview":"max-image-preview:large","max-video-preview":"max-video-preview:-1"},"canonical":"http:\/\/anhidacoruna.com\/web\/transparencia\/","og_locale":"es_ES","og_type":"article","og_title":"Transparencia - ANHIDACORU\u00d1A","og_description":"En esta secci\u00f3n puedes consultar los siguientes archivos referidos a nuestra asociaci\u00f3n. Accede a los estatutos de la Asociaci\u00f3n a trav\u00e9s de\u00a0este enlace Memoria de actividades del a\u00f1o 2023, puedes descargarla desde el siguiente enlace Memoria Anual 2023 Definitiva by anhidamultimedia on Scribd Memoria de actividades del a\u00f1o 2022, puedes descargarla desde Scribd Memoria Anual [&hellip;]","og_url":"http:\/\/anhidacoruna.com\/web\/transparencia\/","og_site_name":"ANHIDACORU\u00d1A","article_publisher":"https:\/\/www.facebook.com\/anhidacoruna","article_modified_time":"2024-05-14T10:05:13+00:00","twitter_card":"summary_large_image","twitter_site":"@anhidacoruna","twitter_misc":{"Tiempo de lectura":"1 minuto"},"schema":{"@context":"https:\/\/schema.org","@graph":[{"@type":"WebPage","@id":"http:\/\/anhidacoruna.com\/web\/transparencia\/","url":"http:\/\/anhidacoruna.com\/web\/transparencia\/","name":"Transparencia - ANHIDACORU\u00d1A","isPartOf":{"@id":"http:\/\/anhidacoruna.com\/web\/#website"},"datePublished":"2017-03-27T15:44:54+00:00","dateModified":"2024-05-14T10:05:13+00:00","breadcrumb":{"@id":"http:\/\/anhidacoruna.com\/web\/transparencia\/#breadcrumb"},"inLanguage":"es","potentialAction":[{"@type":"ReadAction","target":["http:\/\/anhidacoruna.com\/web\/transparencia\/"]}]},{"@type":"BreadcrumbList","@id":"http:\/\/anhidacoruna.com\/web\/transparencia\/#breadcrumb","itemListElement":[{"@type":"ListItem","position":1,"name":"Portada","item":"http:\/\/anhidacoruna.com\/web\/"},{"@type":"ListItem","position":2,"name":"Transparencia"}]},{"@type":"WebSite","@id":"http:\/\/anhidacoruna.com\/web\/#website","url":"http:\/\/anhidacoruna.com\/web\/","name":"ANHIDACORU\u00d1A","description":"","publisher":{"@id":"http:\/\/anhidacoruna.com\/web\/#organization"},"potentialAction":[{"@type":"SearchAction","target":{"@type":"EntryPoint","urlTemplate":"http:\/\/anhidacoruna.com\/web\/?s={search_term_string}"},"query-input":{"@type":"PropertyValueSpecification","valueRequired":true,"valueName":"search_term_string"}}],"inLanguage":"es"},{"@type":"Organization","@id":"http:\/\/anhidacoruna.com\/web\/#organization","name":"ANHIDACORU\u00d1A","url":"http:\/\/anhidacoruna.com\/web\/","logo":{"@type":"ImageObject","inLanguage":"es","@id":"http:\/\/anhidacoruna.com\/web\/#\/schema\/logo\/image\/","url":"https:\/\/anhidacoruna.com\/web\/wp-content\/uploads\/2015\/08\/logoanhida.jpg","contentUrl":"https:\/\/anhidacoruna.com\/web\/wp-content\/uploads\/2015\/08\/logoanhida.jpg","width":259,"height":132,"caption":"ANHIDACORU\u00d1A"},"image":{"@id":"http:\/\/anhidacoruna.com\/web\/#\/schema\/logo\/image\/"},"sameAs":["https:\/\/www.facebook.com\/anhidacoruna","https:\/\/x.com\/anhidacoruna"]}]}},"_links":{"self":[{"href":"http:\/\/anhidacoruna.com\/web\/wp-json\/wp\/v2\/pages\/837","targetHints":{"allow":["GET"]}}],"collection":[{"href":"http:\/\/anhidacoruna.com\/web\/wp-json\/wp\/v2\/pages"}],"about":[{"href":"http:\/\/anhidacoruna.com\/web\/wp-json\/wp\/v2\/types\/page"}],"author":[{"embeddable":true,"href":"http:\/\/anhidacoruna.com\/web\/wp-json\/wp\/v2\/users\/2"}],"replies":[{"embeddable":true,"href":"http:\/\/anhidacoruna.com\/web\/wp-json\/wp\/v2\/comments?post=837"}],"version-history":[{"count":14,"href":"http:\/\/anhidacoruna.com\/web\/wp-json\/wp\/v2\/pages\/837\/revisions"}],"predecessor-version":[{"id":1652,"href":"http:\/\/anhidacoruna.com\/web\/wp-json\/wp\/v2\/pages\/837\/revisions\/1652"}],"wp:attachment":[{"href":"http:\/\/anhidacoruna.com\/web\/wp-json\/wp\/v2\/media?parent=837"}],"curies":[{"name":"wp","href":"https:\/\/api.w.org\/{rel}","templated":true}]}}