{"id":26,"date":"2015-07-29T10:44:26","date_gmt":"2015-07-29T10:44:26","guid":{"rendered":"http:\/\/anhidacoruna.com\/web\/?page_id=26"},"modified":"2023-04-13T11:06:04","modified_gmt":"2023-04-13T11:06:04","slug":"contacto","status":"publish","type":"page","link":"http:\/\/anhidacoruna.com\/web\/contacto\/","title":{"rendered":"Contacto"},"content":{"rendered":"<p><a href=\"http:\/\/anhidacoruna.com\/web\/wp-content\/uploads\/2015\/07\/contact-us-2993000_640.jpg\"><img loading=\"lazy\" decoding=\"async\" class=\"aligncenter size-full wp-image-1022\" src=\"http:\/\/anhidacoruna.com\/web\/wp-content\/uploads\/2015\/07\/contact-us-2993000_640.jpg\" alt=\"contact-us-2993000_640\" width=\"640\" height=\"423\" srcset=\"http:\/\/anhidacoruna.com\/web\/wp-content\/uploads\/2015\/07\/contact-us-2993000_640.jpg 640w, http:\/\/anhidacoruna.com\/web\/wp-content\/uploads\/2015\/07\/contact-us-2993000_640-300x198.jpg 300w\" sizes=\"auto, (max-width: 640px) 100vw, 640px\" \/><\/a><\/p>\n<p>Puedes ponerte en contacto con nosotros\u00a0 de las siguientes maneras:<\/p>\n<ul>\n<li>Ll\u00e1manos al 981 90 38 30 en <strong>horario de ma\u00f1ana<\/strong> ( 9:30 a 13:30)<\/li>\n<li>M\u00e1ndanos un <strong>whatsapp<\/strong> al n\u00famero\u00a0676 58 32 32<\/li>\n<li>Escr\u00edbenos un correo a <a href=\"mailto:info@anhidacoruna.com?subject=Contacto a trav\u00e9s de la web\">Nuestro email<\/a><\/li>\n<li>S\u00edguenos en las <strong>redes sociales<\/strong>\n<ul>\n<li><a href=\"https:\/\/www.facebook.com\/anhidacoruna\/\" target=\"_blank\" rel=\"noopener\">Facebook<\/a><\/li>\n<li><a href=\"https:\/\/twitter.com\/AnhidaCoruna\" target=\"_blank\" rel=\"noopener\">Twitter<\/a><\/li>\n<li><a href=\"https:\/\/www.instagram.com\/anhidacoruna\/\" target=\"_blank\" rel=\"noopener\">Instagram<\/a><\/li>\n<\/ul>\n<\/li>\n<\/ul>\n<p><strong>Locales<\/strong><\/p>\n<p>A continuaci\u00f3n puedes ver algunos de los locales en los que desarrollamos nuestras actividades y en los que s\u00f3lo te atenderemos mediante cita previa, puedes consultar la ubicaci\u00f3n exacta pinchando en el link de \u00bfC\u00f3mo llegar? de cada uno de ellos<\/p>\n<blockquote><p>Edificio A Escada &#8211; C\/ Manuel Aza\u00f1a, 2 &#8211; El Burgo &#8211; Culleredo<\/p>\n<p><a href=\"https:\/\/www.google.es\/maps\/dir\/\/R%C3%BAa+Manuel+Aza%C3%B1a,+2,+15670+Culleredo,+A+Coru%C3%B1a\/@43.3179053,-8.365869,17z\/data=!4m13!1m4!3m3!1s0xd2e64c4628600df:0xdb65d586144c399b!2zUsO6YSBNYW51ZWwgQXphw7FhLCAyLCAxNTY3MCBDdWxsZXJlZG8sIEEgQ29ydcOxYQ!3b1!4m7!1m0!1m5!1m1!1s0xd2e64c4628600df:0xdb65d586144c399b!2m2!1d-8.365869!2d43.3179053\" target=\"_blank\" rel=\"noopener\">\u00bfC\u00f3mo llegar?<\/a><\/p><\/blockquote>\n<p><img loading=\"lazy\" decoding=\"async\" class=\"aligncenter size-full wp-image-146\" src=\"http:\/\/anhidacoruna.com\/web\/wp-content\/uploads\/2015\/07\/edificioaescada.jpg\" alt=\"edificioaescada\" width=\"800\" height=\"451\" srcset=\"http:\/\/anhidacoruna.com\/web\/wp-content\/uploads\/2015\/07\/edificioaescada.jpg 800w, http:\/\/anhidacoruna.com\/web\/wp-content\/uploads\/2015\/07\/edificioaescada-300x169.jpg 300w\" sizes=\"auto, (max-width: 800px) 100vw, 800px\" \/><\/p>\n<blockquote><p>A Corveira &#8211; C\/ Amparo L\u00f3pez Jean, 25 bajo &#8211; A Corveira, Culleredo<\/p>\n<p><a href=\"https:\/\/goo.gl\/maps\/z36ojtv9u5L2\" target=\"_blank\" rel=\"noopener\">\u00bfC\u00f3mo llegar?<\/a><\/p><\/blockquote>\n<p><img loading=\"lazy\" decoding=\"async\" class=\"aligncenter size-full wp-image-145\" src=\"http:\/\/anhidacoruna.com\/web\/wp-content\/uploads\/2015\/07\/IMG_20150824_105853.jpg\" alt=\"IMG_20150824_105853\" width=\"900\" height=\"425\" srcset=\"http:\/\/anhidacoruna.com\/web\/wp-content\/uploads\/2015\/07\/IMG_20150824_105853.jpg 900w, http:\/\/anhidacoruna.com\/web\/wp-content\/uploads\/2015\/07\/IMG_20150824_105853-300x142.jpg 300w\" sizes=\"auto, (max-width: 900px) 100vw, 900px\" \/><\/p>\n","protected":false},"excerpt":{"rendered":"<p>Puedes ponerte en contacto con nosotros\u00a0 de las siguientes maneras: Ll\u00e1manos al 981 90 38 30 en horario de ma\u00f1ana ( 9:30 a 13:30) M\u00e1ndanos un whatsapp al n\u00famero\u00a0676 58 32 32 Escr\u00edbenos un correo a Nuestro email S\u00edguenos en las redes sociales Facebook Twitter Instagram Locales A continuaci\u00f3n puedes ver algunos de los locales [&hellip;]<\/p>\n","protected":false},"author":2,"featured_media":0,"parent":0,"menu_order":0,"comment_status":"closed","ping_status":"closed","template":"","meta":{"footnotes":""},"class_list":["post-26","page","type-page","status-publish","hentry"],"yoast_head":"<!-- This site is optimized with the Yoast SEO plugin v26.3 - https:\/\/yoast.com\/wordpress\/plugins\/seo\/ -->\n<title>Contacto - ANHIDACORU\u00d1A<\/title>\n<meta name=\"robots\" content=\"index, follow, max-snippet:-1, max-image-preview:large, max-video-preview:-1\" \/>\n<link rel=\"canonical\" href=\"http:\/\/anhidacoruna.com\/web\/contacto\/\" \/>\n<meta property=\"og:locale\" content=\"es_ES\" \/>\n<meta property=\"og:type\" content=\"article\" \/>\n<meta property=\"og:title\" content=\"Contacto - ANHIDACORU\u00d1A\" \/>\n<meta property=\"og:description\" content=\"Puedes ponerte en contacto con nosotros\u00a0 de las siguientes maneras: Ll\u00e1manos al 981 90 38 30 en horario de ma\u00f1ana ( 9:30 a 13:30) M\u00e1ndanos un whatsapp al n\u00famero\u00a0676 58 32 32 Escr\u00edbenos un correo a Nuestro email S\u00edguenos en las redes sociales Facebook Twitter Instagram Locales A continuaci\u00f3n puedes ver algunos de los locales [&hellip;]\" \/>\n<meta property=\"og:url\" content=\"http:\/\/anhidacoruna.com\/web\/contacto\/\" \/>\n<meta property=\"og:site_name\" content=\"ANHIDACORU\u00d1A\" \/>\n<meta property=\"article:publisher\" content=\"https:\/\/www.facebook.com\/anhidacoruna\" \/>\n<meta property=\"article:modified_time\" content=\"2023-04-13T11:06:04+00:00\" \/>\n<meta property=\"og:image\" content=\"http:\/\/anhidacoruna.com\/web\/wp-content\/uploads\/2015\/07\/contact-us-2993000_640.jpg\" \/>\n<meta name=\"twitter:card\" content=\"summary_large_image\" \/>\n<meta name=\"twitter:site\" content=\"@anhidacoruna\" \/>\n<meta name=\"twitter:label1\" content=\"Tiempo de lectura\" \/>\n\t<meta name=\"twitter:data1\" content=\"2 minutos\" \/>\n<script type=\"application\/ld+json\" class=\"yoast-schema-graph\">{\"@context\":\"https:\/\/schema.org\",\"@graph\":[{\"@type\":\"WebPage\",\"@id\":\"http:\/\/anhidacoruna.com\/web\/contacto\/\",\"url\":\"http:\/\/anhidacoruna.com\/web\/contacto\/\",\"name\":\"Contacto - ANHIDACORU\u00d1A\",\"isPartOf\":{\"@id\":\"http:\/\/anhidacoruna.com\/web\/#website\"},\"primaryImageOfPage\":{\"@id\":\"http:\/\/anhidacoruna.com\/web\/contacto\/#primaryimage\"},\"image\":{\"@id\":\"http:\/\/anhidacoruna.com\/web\/contacto\/#primaryimage\"},\"thumbnailUrl\":\"http:\/\/anhidacoruna.com\/web\/wp-content\/uploads\/2015\/07\/contact-us-2993000_640.jpg\",\"datePublished\":\"2015-07-29T10:44:26+00:00\",\"dateModified\":\"2023-04-13T11:06:04+00:00\",\"breadcrumb\":{\"@id\":\"http:\/\/anhidacoruna.com\/web\/contacto\/#breadcrumb\"},\"inLanguage\":\"es\",\"potentialAction\":[{\"@type\":\"ReadAction\",\"target\":[\"http:\/\/anhidacoruna.com\/web\/contacto\/\"]}]},{\"@type\":\"ImageObject\",\"inLanguage\":\"es\",\"@id\":\"http:\/\/anhidacoruna.com\/web\/contacto\/#primaryimage\",\"url\":\"http:\/\/anhidacoruna.com\/web\/wp-content\/uploads\/2015\/07\/contact-us-2993000_640.jpg\",\"contentUrl\":\"http:\/\/anhidacoruna.com\/web\/wp-content\/uploads\/2015\/07\/contact-us-2993000_640.jpg\",\"width\":640,\"height\":423},{\"@type\":\"BreadcrumbList\",\"@id\":\"http:\/\/anhidacoruna.com\/web\/contacto\/#breadcrumb\",\"itemListElement\":[{\"@type\":\"ListItem\",\"position\":1,\"name\":\"Portada\",\"item\":\"http:\/\/anhidacoruna.com\/web\/\"},{\"@type\":\"ListItem\",\"position\":2,\"name\":\"Contacto\"}]},{\"@type\":\"WebSite\",\"@id\":\"http:\/\/anhidacoruna.com\/web\/#website\",\"url\":\"http:\/\/anhidacoruna.com\/web\/\",\"name\":\"ANHIDACORU\u00d1A\",\"description\":\"\",\"publisher\":{\"@id\":\"http:\/\/anhidacoruna.com\/web\/#organization\"},\"potentialAction\":[{\"@type\":\"SearchAction\",\"target\":{\"@type\":\"EntryPoint\",\"urlTemplate\":\"http:\/\/anhidacoruna.com\/web\/?s={search_term_string}\"},\"query-input\":{\"@type\":\"PropertyValueSpecification\",\"valueRequired\":true,\"valueName\":\"search_term_string\"}}],\"inLanguage\":\"es\"},{\"@type\":\"Organization\",\"@id\":\"http:\/\/anhidacoruna.com\/web\/#organization\",\"name\":\"ANHIDACORU\u00d1A\",\"url\":\"http:\/\/anhidacoruna.com\/web\/\",\"logo\":{\"@type\":\"ImageObject\",\"inLanguage\":\"es\",\"@id\":\"http:\/\/anhidacoruna.com\/web\/#\/schema\/logo\/image\/\",\"url\":\"https:\/\/anhidacoruna.com\/web\/wp-content\/uploads\/2015\/08\/logoanhida.jpg\",\"contentUrl\":\"https:\/\/anhidacoruna.com\/web\/wp-content\/uploads\/2015\/08\/logoanhida.jpg\",\"width\":259,\"height\":132,\"caption\":\"ANHIDACORU\u00d1A\"},\"image\":{\"@id\":\"http:\/\/anhidacoruna.com\/web\/#\/schema\/logo\/image\/\"},\"sameAs\":[\"https:\/\/www.facebook.com\/anhidacoruna\",\"https:\/\/x.com\/anhidacoruna\"]}]}<\/script>\n<!-- \/ Yoast SEO plugin. -->","yoast_head_json":{"title":"Contacto - ANHIDACORU\u00d1A","robots":{"index":"index","follow":"follow","max-snippet":"max-snippet:-1","max-image-preview":"max-image-preview:large","max-video-preview":"max-video-preview:-1"},"canonical":"http:\/\/anhidacoruna.com\/web\/contacto\/","og_locale":"es_ES","og_type":"article","og_title":"Contacto - ANHIDACORU\u00d1A","og_description":"Puedes ponerte en contacto con nosotros\u00a0 de las siguientes maneras: Ll\u00e1manos al 981 90 38 30 en horario de ma\u00f1ana ( 9:30 a 13:30) M\u00e1ndanos un whatsapp al n\u00famero\u00a0676 58 32 32 Escr\u00edbenos un correo a Nuestro email S\u00edguenos en las redes sociales Facebook Twitter Instagram Locales A continuaci\u00f3n puedes ver algunos de los locales [&hellip;]","og_url":"http:\/\/anhidacoruna.com\/web\/contacto\/","og_site_name":"ANHIDACORU\u00d1A","article_publisher":"https:\/\/www.facebook.com\/anhidacoruna","article_modified_time":"2023-04-13T11:06:04+00:00","og_image":[{"url":"http:\/\/anhidacoruna.com\/web\/wp-content\/uploads\/2015\/07\/contact-us-2993000_640.jpg","type":"","width":"","height":""}],"twitter_card":"summary_large_image","twitter_site":"@anhidacoruna","twitter_misc":{"Tiempo de lectura":"2 minutos"},"schema":{"@context":"https:\/\/schema.org","@graph":[{"@type":"WebPage","@id":"http:\/\/anhidacoruna.com\/web\/contacto\/","url":"http:\/\/anhidacoruna.com\/web\/contacto\/","name":"Contacto - ANHIDACORU\u00d1A","isPartOf":{"@id":"http:\/\/anhidacoruna.com\/web\/#website"},"primaryImageOfPage":{"@id":"http:\/\/anhidacoruna.com\/web\/contacto\/#primaryimage"},"image":{"@id":"http:\/\/anhidacoruna.com\/web\/contacto\/#primaryimage"},"thumbnailUrl":"http:\/\/anhidacoruna.com\/web\/wp-content\/uploads\/2015\/07\/contact-us-2993000_640.jpg","datePublished":"2015-07-29T10:44:26+00:00","dateModified":"2023-04-13T11:06:04+00:00","breadcrumb":{"@id":"http:\/\/anhidacoruna.com\/web\/contacto\/#breadcrumb"},"inLanguage":"es","potentialAction":[{"@type":"ReadAction","target":["http:\/\/anhidacoruna.com\/web\/contacto\/"]}]},{"@type":"ImageObject","inLanguage":"es","@id":"http:\/\/anhidacoruna.com\/web\/contacto\/#primaryimage","url":"http:\/\/anhidacoruna.com\/web\/wp-content\/uploads\/2015\/07\/contact-us-2993000_640.jpg","contentUrl":"http:\/\/anhidacoruna.com\/web\/wp-content\/uploads\/2015\/07\/contact-us-2993000_640.jpg","width":640,"height":423},{"@type":"BreadcrumbList","@id":"http:\/\/anhidacoruna.com\/web\/contacto\/#breadcrumb","itemListElement":[{"@type":"ListItem","position":1,"name":"Portada","item":"http:\/\/anhidacoruna.com\/web\/"},{"@type":"ListItem","position":2,"name":"Contacto"}]},{"@type":"WebSite","@id":"http:\/\/anhidacoruna.com\/web\/#website","url":"http:\/\/anhidacoruna.com\/web\/","name":"ANHIDACORU\u00d1A","description":"","publisher":{"@id":"http:\/\/anhidacoruna.com\/web\/#organization"},"potentialAction":[{"@type":"SearchAction","target":{"@type":"EntryPoint","urlTemplate":"http:\/\/anhidacoruna.com\/web\/?s={search_term_string}"},"query-input":{"@type":"PropertyValueSpecification","valueRequired":true,"valueName":"search_term_string"}}],"inLanguage":"es"},{"@type":"Organization","@id":"http:\/\/anhidacoruna.com\/web\/#organization","name":"ANHIDACORU\u00d1A","url":"http:\/\/anhidacoruna.com\/web\/","logo":{"@type":"ImageObject","inLanguage":"es","@id":"http:\/\/anhidacoruna.com\/web\/#\/schema\/logo\/image\/","url":"https:\/\/anhidacoruna.com\/web\/wp-content\/uploads\/2015\/08\/logoanhida.jpg","contentUrl":"https:\/\/anhidacoruna.com\/web\/wp-content\/uploads\/2015\/08\/logoanhida.jpg","width":259,"height":132,"caption":"ANHIDACORU\u00d1A"},"image":{"@id":"http:\/\/anhidacoruna.com\/web\/#\/schema\/logo\/image\/"},"sameAs":["https:\/\/www.facebook.com\/anhidacoruna","https:\/\/x.com\/anhidacoruna"]}]}},"_links":{"self":[{"href":"http:\/\/anhidacoruna.com\/web\/wp-json\/wp\/v2\/pages\/26","targetHints":{"allow":["GET"]}}],"collection":[{"href":"http:\/\/anhidacoruna.com\/web\/wp-json\/wp\/v2\/pages"}],"about":[{"href":"http:\/\/anhidacoruna.com\/web\/wp-json\/wp\/v2\/types\/page"}],"author":[{"embeddable":true,"href":"http:\/\/anhidacoruna.com\/web\/wp-json\/wp\/v2\/users\/2"}],"replies":[{"embeddable":true,"href":"http:\/\/anhidacoruna.com\/web\/wp-json\/wp\/v2\/comments?post=26"}],"version-history":[{"count":9,"href":"http:\/\/anhidacoruna.com\/web\/wp-json\/wp\/v2\/pages\/26\/revisions"}],"predecessor-version":[{"id":1432,"href":"http:\/\/anhidacoruna.com\/web\/wp-json\/wp\/v2\/pages\/26\/revisions\/1432"}],"wp:attachment":[{"href":"http:\/\/anhidacoruna.com\/web\/wp-json\/wp\/v2\/media?parent=26"}],"curies":[{"name":"wp","href":"https:\/\/api.w.org\/{rel}","templated":true}]}}