{"id":1476,"date":"2023-07-06T14:08:10","date_gmt":"2023-07-06T14:08:10","guid":{"rendered":"https:\/\/anhidacoruna.com\/web\/?page_id=1476"},"modified":"2023-07-06T14:09:51","modified_gmt":"2023-07-06T14:09:51","slug":"donaciones","status":"publish","type":"page","link":"http:\/\/anhidacoruna.com\/web\/donaciones\/","title":{"rendered":"Donaciones"},"content":{"rendered":"\n<h2 class=\"wp-block-heading\">\u00danete al camino de la educaci\u00f3n inclusiva<\/h2>\n\n\n\n<p>Necesitamos la colaboraci\u00f3n de personas como t\u00fa con ganas de cambiar el mundo educativo y que la aceptaci\u00f3n de la diversidad por fin sea una realidad.<\/p>\n\n\n\n<p>Si quieres apoyarnos puedes hacerlo de varias maneras y a cambio recibir\u00e1s el libro <strong>\u201cCAMINO DE LA INCLUSI\u00d3N<\/strong>\u201d escrito desde distintos registros:&nbsp; por un lado, la realidad familiar de tantas familias con chicas y chicos con TDAH y por otro la evoluci\u00f3n educativa y sanitaria de la \u00faltima d\u00e9cada.<\/p>\n\n\n<div class=\"wp-block-image\">\n<figure class=\"aligncenter size-full\"><a href=\"https:\/\/anhidacoruna.com\/web\/wp-content\/uploads\/2023\/07\/money-g6a90ca91b_640.jpg\"><img loading=\"lazy\" decoding=\"async\" width=\"640\" height=\"432\" src=\"https:\/\/anhidacoruna.com\/web\/wp-content\/uploads\/2023\/07\/money-g6a90ca91b_640.jpg\" alt=\"\" class=\"wp-image-1477\" srcset=\"http:\/\/anhidacoruna.com\/web\/wp-content\/uploads\/2023\/07\/money-g6a90ca91b_640.jpg 640w, http:\/\/anhidacoruna.com\/web\/wp-content\/uploads\/2023\/07\/money-g6a90ca91b_640-300x203.jpg 300w\" sizes=\"auto, (max-width: 640px) 100vw, 640px\" \/><\/a><\/figure><\/div>\n\n\n<p><\/p>\n\n\n\n<p><strong>ANHIDACORU\u00d1A ES UNA ASOCIACI\u00d3N DE UTILIDAD P\u00daBLICA, POR LO TANTO, CUALQUIERA DE TUS APORTACIONES SON FISCALMENTE DEDUCIBLES.<\/strong> Para poder recibir tu certificado de donaci\u00f3n es imprescindible que nos remitas:<\/p>\n\n\n\n<p><strong>&nbsp;&nbsp;&nbsp;&nbsp;&nbsp;&nbsp;&nbsp;&nbsp;&nbsp;&nbsp;&nbsp;&nbsp;&nbsp;&nbsp;&nbsp; NOMBRE Y APELLIDOS<\/strong><strong><\/strong><\/p>\n\n\n\n<p><strong>&nbsp;&nbsp;&nbsp;&nbsp;&nbsp;&nbsp;&nbsp;&nbsp;&nbsp;&nbsp;&nbsp;&nbsp;&nbsp;&nbsp;&nbsp; NIF<\/strong><strong><\/strong><\/p>\n\n\n\n<p><strong>&nbsp;&nbsp;&nbsp;&nbsp;&nbsp;&nbsp;&nbsp;&nbsp;&nbsp;&nbsp;&nbsp;&nbsp;&nbsp;&nbsp;&nbsp; DIRECCI\u00d3N <\/strong><strong><\/strong><\/p>\n\n\n\n<p><strong>&nbsp;&nbsp;&nbsp;&nbsp;&nbsp;&nbsp;&nbsp;&nbsp;&nbsp;&nbsp;&nbsp;&nbsp;&nbsp;&nbsp;&nbsp; TEL\u00c9FONO<\/strong><strong><\/strong><\/p>\n\n\n\n<p><strong>&nbsp;&nbsp;&nbsp;&nbsp;&nbsp;&nbsp;&nbsp;&nbsp;&nbsp;&nbsp;&nbsp;&nbsp;&nbsp;&nbsp;&nbsp; EMAIL:<\/strong><\/p>\n\n\n\n<h2 class=\"wp-block-heading\"><strong>TIPOS DE DONACI\u00d3N:<\/strong><strong><\/strong><\/h2>\n\n\n\n<ul class=\"wp-block-list\" type=\"1\">\n<li><strong>Donativo puntual<\/strong>: puedes realizar un donativo a trav\u00e9s transferencia bancaria a nuestra cuenta o acercarte por la asociaci\u00f3n.<\/li>\n<\/ul>\n\n\n\n<p class=\"has-text-align-center\"><strong>ANHIDACORU\u00d1A<\/strong><strong><\/strong><\/p>\n\n\n\n<p class=\"has-text-align-center\"><strong>N\u00ba de Cuenta: <\/strong><strong><\/strong><\/p>\n\n\n\n<p class=\"has-text-align-center\"><strong>CONCEPTO: DONATIVO ANHIDACORU\u00d1A<\/strong><strong><\/strong><\/p>\n\n\n\n<ul class=\"wp-block-list\">\n<li><strong>Solicitud de ser socio<\/strong>: Es necesario que solicites la hoja de inscripci\u00f3n<\/li>\n<\/ul>\n\n\n\n<ul class=\"wp-block-list\">\n<li>A trav\u00e9s <strong>de Teaming<\/strong>. El donativo ser\u00eda 1 \u20ac\/mes durante un a\u00f1o<\/li>\n<\/ul>\n\n\n\n<h2 class=\"wp-block-heading\"><strong>DONACI\u00d3N EMPRESAS<\/strong><\/h2>\n\n\n\n<p>Las empresas tambi\u00e9n pueden colaborar.<\/p>\n\n\n\n<ol class=\"wp-block-list\" type=\"1\">\n<li>Donaciones puntuales o peri\u00f3dicas: se emite certificado fiscal deducible<\/li>\n\n\n\n<li>Promover entre los empleados colaboraci\u00f3n de 1\u20ac\/ mes a trav\u00e9s de teamimg<\/li>\n\n\n\n<li>Seguirnos en las redes y hacer difusi\u00f3n de nuestras actividades<\/li>\n\n\n\n<li>Realizar una actividad que recaude fondos para nuestro proyecto de inclusi\u00f3n<\/li>\n<\/ol>\n","protected":false},"excerpt":{"rendered":"<p>\u00danete al camino de la educaci\u00f3n inclusiva Necesitamos la colaboraci\u00f3n de personas como t\u00fa con ganas de cambiar el mundo educativo y que la aceptaci\u00f3n de la diversidad por fin sea una realidad. Si quieres apoyarnos puedes hacerlo de varias maneras y a cambio recibir\u00e1s el libro \u201cCAMINO DE LA INCLUSI\u00d3N\u201d escrito desde distintos registros:&nbsp; [&hellip;]<\/p>\n","protected":false},"author":2,"featured_media":0,"parent":0,"menu_order":0,"comment_status":"closed","ping_status":"closed","template":"","meta":{"footnotes":""},"class_list":["post-1476","page","type-page","status-publish","hentry"],"yoast_head":"<!-- This site is optimized with the Yoast SEO plugin v26.3 - https:\/\/yoast.com\/wordpress\/plugins\/seo\/ -->\n<title>Donaciones - ANHIDACORU\u00d1A<\/title>\n<meta name=\"robots\" content=\"index, follow, max-snippet:-1, max-image-preview:large, max-video-preview:-1\" \/>\n<link rel=\"canonical\" href=\"http:\/\/anhidacoruna.com\/web\/donaciones\/\" \/>\n<meta property=\"og:locale\" content=\"es_ES\" \/>\n<meta property=\"og:type\" content=\"article\" \/>\n<meta property=\"og:title\" content=\"Donaciones - ANHIDACORU\u00d1A\" \/>\n<meta property=\"og:description\" content=\"\u00danete al camino de la educaci\u00f3n inclusiva Necesitamos la colaboraci\u00f3n de personas como t\u00fa con ganas de cambiar el mundo educativo y que la aceptaci\u00f3n de la diversidad por fin sea una realidad. Si quieres apoyarnos puedes hacerlo de varias maneras y a cambio recibir\u00e1s el libro \u201cCAMINO DE LA INCLUSI\u00d3N\u201d escrito desde distintos registros:&nbsp; [&hellip;]\" \/>\n<meta property=\"og:url\" content=\"http:\/\/anhidacoruna.com\/web\/donaciones\/\" \/>\n<meta property=\"og:site_name\" content=\"ANHIDACORU\u00d1A\" \/>\n<meta property=\"article:publisher\" content=\"https:\/\/www.facebook.com\/anhidacoruna\" \/>\n<meta property=\"article:modified_time\" content=\"2023-07-06T14:09:51+00:00\" \/>\n<meta property=\"og:image\" content=\"https:\/\/anhidacoruna.com\/web\/wp-content\/uploads\/2023\/07\/money-g6a90ca91b_640.jpg\" \/>\n<meta name=\"twitter:card\" content=\"summary_large_image\" \/>\n<meta name=\"twitter:site\" content=\"@anhidacoruna\" \/>\n<meta name=\"twitter:label1\" content=\"Tiempo de lectura\" \/>\n\t<meta name=\"twitter:data1\" content=\"2 minutos\" \/>\n<script type=\"application\/ld+json\" class=\"yoast-schema-graph\">{\"@context\":\"https:\/\/schema.org\",\"@graph\":[{\"@type\":\"WebPage\",\"@id\":\"http:\/\/anhidacoruna.com\/web\/donaciones\/\",\"url\":\"http:\/\/anhidacoruna.com\/web\/donaciones\/\",\"name\":\"Donaciones - ANHIDACORU\u00d1A\",\"isPartOf\":{\"@id\":\"http:\/\/anhidacoruna.com\/web\/#website\"},\"primaryImageOfPage\":{\"@id\":\"http:\/\/anhidacoruna.com\/web\/donaciones\/#primaryimage\"},\"image\":{\"@id\":\"http:\/\/anhidacoruna.com\/web\/donaciones\/#primaryimage\"},\"thumbnailUrl\":\"https:\/\/anhidacoruna.com\/web\/wp-content\/uploads\/2023\/07\/money-g6a90ca91b_640.jpg\",\"datePublished\":\"2023-07-06T14:08:10+00:00\",\"dateModified\":\"2023-07-06T14:09:51+00:00\",\"breadcrumb\":{\"@id\":\"http:\/\/anhidacoruna.com\/web\/donaciones\/#breadcrumb\"},\"inLanguage\":\"es\",\"potentialAction\":[{\"@type\":\"ReadAction\",\"target\":[\"http:\/\/anhidacoruna.com\/web\/donaciones\/\"]}]},{\"@type\":\"ImageObject\",\"inLanguage\":\"es\",\"@id\":\"http:\/\/anhidacoruna.com\/web\/donaciones\/#primaryimage\",\"url\":\"https:\/\/anhidacoruna.com\/web\/wp-content\/uploads\/2023\/07\/money-g6a90ca91b_640.jpg\",\"contentUrl\":\"https:\/\/anhidacoruna.com\/web\/wp-content\/uploads\/2023\/07\/money-g6a90ca91b_640.jpg\"},{\"@type\":\"BreadcrumbList\",\"@id\":\"http:\/\/anhidacoruna.com\/web\/donaciones\/#breadcrumb\",\"itemListElement\":[{\"@type\":\"ListItem\",\"position\":1,\"name\":\"Portada\",\"item\":\"http:\/\/anhidacoruna.com\/web\/\"},{\"@type\":\"ListItem\",\"position\":2,\"name\":\"Donaciones\"}]},{\"@type\":\"WebSite\",\"@id\":\"http:\/\/anhidacoruna.com\/web\/#website\",\"url\":\"http:\/\/anhidacoruna.com\/web\/\",\"name\":\"ANHIDACORU\u00d1A\",\"description\":\"\",\"publisher\":{\"@id\":\"http:\/\/anhidacoruna.com\/web\/#organization\"},\"potentialAction\":[{\"@type\":\"SearchAction\",\"target\":{\"@type\":\"EntryPoint\",\"urlTemplate\":\"http:\/\/anhidacoruna.com\/web\/?s={search_term_string}\"},\"query-input\":{\"@type\":\"PropertyValueSpecification\",\"valueRequired\":true,\"valueName\":\"search_term_string\"}}],\"inLanguage\":\"es\"},{\"@type\":\"Organization\",\"@id\":\"http:\/\/anhidacoruna.com\/web\/#organization\",\"name\":\"ANHIDACORU\u00d1A\",\"url\":\"http:\/\/anhidacoruna.com\/web\/\",\"logo\":{\"@type\":\"ImageObject\",\"inLanguage\":\"es\",\"@id\":\"http:\/\/anhidacoruna.com\/web\/#\/schema\/logo\/image\/\",\"url\":\"https:\/\/anhidacoruna.com\/web\/wp-content\/uploads\/2015\/08\/logoanhida.jpg\",\"contentUrl\":\"https:\/\/anhidacoruna.com\/web\/wp-content\/uploads\/2015\/08\/logoanhida.jpg\",\"width\":259,\"height\":132,\"caption\":\"ANHIDACORU\u00d1A\"},\"image\":{\"@id\":\"http:\/\/anhidacoruna.com\/web\/#\/schema\/logo\/image\/\"},\"sameAs\":[\"https:\/\/www.facebook.com\/anhidacoruna\",\"https:\/\/x.com\/anhidacoruna\"]}]}<\/script>\n<!-- \/ Yoast SEO plugin. -->","yoast_head_json":{"title":"Donaciones - ANHIDACORU\u00d1A","robots":{"index":"index","follow":"follow","max-snippet":"max-snippet:-1","max-image-preview":"max-image-preview:large","max-video-preview":"max-video-preview:-1"},"canonical":"http:\/\/anhidacoruna.com\/web\/donaciones\/","og_locale":"es_ES","og_type":"article","og_title":"Donaciones - ANHIDACORU\u00d1A","og_description":"\u00danete al camino de la educaci\u00f3n inclusiva Necesitamos la colaboraci\u00f3n de personas como t\u00fa con ganas de cambiar el mundo educativo y que la aceptaci\u00f3n de la diversidad por fin sea una realidad. Si quieres apoyarnos puedes hacerlo de varias maneras y a cambio recibir\u00e1s el libro \u201cCAMINO DE LA INCLUSI\u00d3N\u201d escrito desde distintos registros:&nbsp; [&hellip;]","og_url":"http:\/\/anhidacoruna.com\/web\/donaciones\/","og_site_name":"ANHIDACORU\u00d1A","article_publisher":"https:\/\/www.facebook.com\/anhidacoruna","article_modified_time":"2023-07-06T14:09:51+00:00","og_image":[{"url":"https:\/\/anhidacoruna.com\/web\/wp-content\/uploads\/2023\/07\/money-g6a90ca91b_640.jpg","type":"","width":"","height":""}],"twitter_card":"summary_large_image","twitter_site":"@anhidacoruna","twitter_misc":{"Tiempo de lectura":"2 minutos"},"schema":{"@context":"https:\/\/schema.org","@graph":[{"@type":"WebPage","@id":"http:\/\/anhidacoruna.com\/web\/donaciones\/","url":"http:\/\/anhidacoruna.com\/web\/donaciones\/","name":"Donaciones - ANHIDACORU\u00d1A","isPartOf":{"@id":"http:\/\/anhidacoruna.com\/web\/#website"},"primaryImageOfPage":{"@id":"http:\/\/anhidacoruna.com\/web\/donaciones\/#primaryimage"},"image":{"@id":"http:\/\/anhidacoruna.com\/web\/donaciones\/#primaryimage"},"thumbnailUrl":"https:\/\/anhidacoruna.com\/web\/wp-content\/uploads\/2023\/07\/money-g6a90ca91b_640.jpg","datePublished":"2023-07-06T14:08:10+00:00","dateModified":"2023-07-06T14:09:51+00:00","breadcrumb":{"@id":"http:\/\/anhidacoruna.com\/web\/donaciones\/#breadcrumb"},"inLanguage":"es","potentialAction":[{"@type":"ReadAction","target":["http:\/\/anhidacoruna.com\/web\/donaciones\/"]}]},{"@type":"ImageObject","inLanguage":"es","@id":"http:\/\/anhidacoruna.com\/web\/donaciones\/#primaryimage","url":"https:\/\/anhidacoruna.com\/web\/wp-content\/uploads\/2023\/07\/money-g6a90ca91b_640.jpg","contentUrl":"https:\/\/anhidacoruna.com\/web\/wp-content\/uploads\/2023\/07\/money-g6a90ca91b_640.jpg"},{"@type":"BreadcrumbList","@id":"http:\/\/anhidacoruna.com\/web\/donaciones\/#breadcrumb","itemListElement":[{"@type":"ListItem","position":1,"name":"Portada","item":"http:\/\/anhidacoruna.com\/web\/"},{"@type":"ListItem","position":2,"name":"Donaciones"}]},{"@type":"WebSite","@id":"http:\/\/anhidacoruna.com\/web\/#website","url":"http:\/\/anhidacoruna.com\/web\/","name":"ANHIDACORU\u00d1A","description":"","publisher":{"@id":"http:\/\/anhidacoruna.com\/web\/#organization"},"potentialAction":[{"@type":"SearchAction","target":{"@type":"EntryPoint","urlTemplate":"http:\/\/anhidacoruna.com\/web\/?s={search_term_string}"},"query-input":{"@type":"PropertyValueSpecification","valueRequired":true,"valueName":"search_term_string"}}],"inLanguage":"es"},{"@type":"Organization","@id":"http:\/\/anhidacoruna.com\/web\/#organization","name":"ANHIDACORU\u00d1A","url":"http:\/\/anhidacoruna.com\/web\/","logo":{"@type":"ImageObject","inLanguage":"es","@id":"http:\/\/anhidacoruna.com\/web\/#\/schema\/logo\/image\/","url":"https:\/\/anhidacoruna.com\/web\/wp-content\/uploads\/2015\/08\/logoanhida.jpg","contentUrl":"https:\/\/anhidacoruna.com\/web\/wp-content\/uploads\/2015\/08\/logoanhida.jpg","width":259,"height":132,"caption":"ANHIDACORU\u00d1A"},"image":{"@id":"http:\/\/anhidacoruna.com\/web\/#\/schema\/logo\/image\/"},"sameAs":["https:\/\/www.facebook.com\/anhidacoruna","https:\/\/x.com\/anhidacoruna"]}]}},"_links":{"self":[{"href":"http:\/\/anhidacoruna.com\/web\/wp-json\/wp\/v2\/pages\/1476","targetHints":{"allow":["GET"]}}],"collection":[{"href":"http:\/\/anhidacoruna.com\/web\/wp-json\/wp\/v2\/pages"}],"about":[{"href":"http:\/\/anhidacoruna.com\/web\/wp-json\/wp\/v2\/types\/page"}],"author":[{"embeddable":true,"href":"http:\/\/anhidacoruna.com\/web\/wp-json\/wp\/v2\/users\/2"}],"replies":[{"embeddable":true,"href":"http:\/\/anhidacoruna.com\/web\/wp-json\/wp\/v2\/comments?post=1476"}],"version-history":[{"count":2,"href":"http:\/\/anhidacoruna.com\/web\/wp-json\/wp\/v2\/pages\/1476\/revisions"}],"predecessor-version":[{"id":1480,"href":"http:\/\/anhidacoruna.com\/web\/wp-json\/wp\/v2\/pages\/1476\/revisions\/1480"}],"wp:attachment":[{"href":"http:\/\/anhidacoruna.com\/web\/wp-json\/wp\/v2\/media?parent=1476"}],"curies":[{"name":"wp","href":"https:\/\/api.w.org\/{rel}","templated":true}]}}