{"id":120,"date":"2015-08-24T08:21:02","date_gmt":"2015-08-24T08:21:02","guid":{"rendered":"http:\/\/anhidacoruna.com\/web\/?page_id=120"},"modified":"2024-10-15T16:36:27","modified_gmt":"2024-10-15T16:36:27","slug":"valoracion-y-tratamiento","status":"publish","type":"page","link":"http:\/\/anhidacoruna.com\/web\/que-es-el-tdah\/valoracion-y-tratamiento\/","title":{"rendered":"Valoraci\u00f3n y tratamiento"},"content":{"rendered":"\n<h2 class=\"wp-block-heading\">Valoraci\u00f3n<\/h2>\n\n\n\n<p>Antes de nada, es imprescindible descartar d\u00e9ficits visuales y auditivos y tener en cuenta el riesgo de padecer TDAH motivado por una carga gen\u00e9tica familiar.<\/p>\n\n\n\n<p>Para realizar una valoraci\u00f3n diferencial y fiable es esencial tener en cuenta las entrevistas con los padres y la evaluaci\u00f3n escolar y a partir de ah\u00ed, aplicar pruebas estandarizadas que eval\u00faen las capacidades intelectuales e investiguen las dificultades de aprendizaje que puedan enmascarar un TDAH o coexistir con \u00e9l (comorbilidades).<\/p>\n\n\n\n<p>Una importante cantidad de Trastornos u otras problem\u00e1ticas pueden confundirse con el TDAH, es necesario un profesional m\u00e9dico (Psiquiatra o Neur\u00f3logo) para llevar a cabo un buen DIAGN\u00d3STICO.<\/p>\n\n\n<div class=\"wp-block-image\">\n<figure class=\"aligncenter\"><img loading=\"lazy\" decoding=\"async\" width=\"700\" height=\"419\" src=\"http:\/\/anhidacoruna.com\/web\/wp-content\/uploads\/2015\/08\/diagnosticotdah.jpg\" alt=\"\" class=\"wp-image-122\" srcset=\"http:\/\/anhidacoruna.com\/web\/wp-content\/uploads\/2015\/08\/diagnosticotdah.jpg 700w, http:\/\/anhidacoruna.com\/web\/wp-content\/uploads\/2015\/08\/diagnosticotdah-300x180.jpg 300w\" sizes=\"auto, (max-width: 700px) 100vw, 700px\" \/><\/figure><\/div>\n\n\n<h2 class=\"wp-block-heading\">Tratamiento<\/h2>\n\n\n\n<p>El tratamiento del TDAH debe ser siempre multidisciplinar y siempre controlado por distintos profesionales de Salud Mental. Si es necesario tratamiento farmacol\u00f3gico, es imprescindible el asesoramiento de un psiquiatra o un neur\u00f3logo. Si no fuera necesaria la medicaci\u00f3n, resulta indispensable el tratamiento psicol\u00f3gico, psicosocial y psicopedag\u00f3gico para padres e hijos.<\/p>\n\n\n\n<p>Es importante tener en cuenta que ninguno de ellos es exclusivo y que ninguno puede sustituir a los dem\u00e1s.<\/p>\n","protected":false},"excerpt":{"rendered":"<p>Valoraci\u00f3n Antes de nada, es imprescindible descartar d\u00e9ficits visuales y auditivos y tener en cuenta el riesgo de padecer TDAH motivado por una carga gen\u00e9tica familiar. Para realizar una valoraci\u00f3n diferencial y fiable es esencial tener en cuenta las entrevistas con los padres y la evaluaci\u00f3n escolar y a partir de ah\u00ed, aplicar pruebas estandarizadas [&hellip;]<\/p>\n","protected":false},"author":2,"featured_media":0,"parent":114,"menu_order":0,"comment_status":"closed","ping_status":"closed","template":"","meta":{"footnotes":""},"class_list":["post-120","page","type-page","status-publish","hentry"],"yoast_head":"<!-- This site is optimized with the Yoast SEO plugin v26.3 - https:\/\/yoast.com\/wordpress\/plugins\/seo\/ -->\n<title>Valoraci\u00f3n y tratamiento - ANHIDACORU\u00d1A<\/title>\n<meta name=\"robots\" content=\"index, follow, max-snippet:-1, max-image-preview:large, max-video-preview:-1\" \/>\n<link rel=\"canonical\" href=\"http:\/\/anhidacoruna.com\/web\/que-es-el-tdah\/valoracion-y-tratamiento\/\" \/>\n<meta property=\"og:locale\" content=\"es_ES\" \/>\n<meta property=\"og:type\" content=\"article\" \/>\n<meta property=\"og:title\" content=\"Valoraci\u00f3n y tratamiento - ANHIDACORU\u00d1A\" \/>\n<meta property=\"og:description\" content=\"Valoraci\u00f3n Antes de nada, es imprescindible descartar d\u00e9ficits visuales y auditivos y tener en cuenta el riesgo de padecer TDAH motivado por una carga gen\u00e9tica familiar. Para realizar una valoraci\u00f3n diferencial y fiable es esencial tener en cuenta las entrevistas con los padres y la evaluaci\u00f3n escolar y a partir de ah\u00ed, aplicar pruebas estandarizadas [&hellip;]\" \/>\n<meta property=\"og:url\" content=\"http:\/\/anhidacoruna.com\/web\/que-es-el-tdah\/valoracion-y-tratamiento\/\" \/>\n<meta property=\"og:site_name\" content=\"ANHIDACORU\u00d1A\" \/>\n<meta property=\"article:publisher\" content=\"https:\/\/www.facebook.com\/anhidacoruna\" \/>\n<meta property=\"article:modified_time\" content=\"2024-10-15T16:36:27+00:00\" \/>\n<meta property=\"og:image\" content=\"http:\/\/anhidacoruna.com\/web\/wp-content\/uploads\/2015\/08\/diagnosticotdah.jpg\" \/>\n<meta name=\"twitter:card\" content=\"summary_large_image\" \/>\n<meta name=\"twitter:site\" content=\"@anhidacoruna\" \/>\n<meta name=\"twitter:label1\" content=\"Tiempo de lectura\" \/>\n\t<meta name=\"twitter:data1\" content=\"1 minuto\" \/>\n<script type=\"application\/ld+json\" class=\"yoast-schema-graph\">{\"@context\":\"https:\/\/schema.org\",\"@graph\":[{\"@type\":\"WebPage\",\"@id\":\"http:\/\/anhidacoruna.com\/web\/que-es-el-tdah\/valoracion-y-tratamiento\/\",\"url\":\"http:\/\/anhidacoruna.com\/web\/que-es-el-tdah\/valoracion-y-tratamiento\/\",\"name\":\"Valoraci\u00f3n y tratamiento - ANHIDACORU\u00d1A\",\"isPartOf\":{\"@id\":\"http:\/\/anhidacoruna.com\/web\/#website\"},\"primaryImageOfPage\":{\"@id\":\"http:\/\/anhidacoruna.com\/web\/que-es-el-tdah\/valoracion-y-tratamiento\/#primaryimage\"},\"image\":{\"@id\":\"http:\/\/anhidacoruna.com\/web\/que-es-el-tdah\/valoracion-y-tratamiento\/#primaryimage\"},\"thumbnailUrl\":\"http:\/\/anhidacoruna.com\/web\/wp-content\/uploads\/2015\/08\/diagnosticotdah.jpg\",\"datePublished\":\"2015-08-24T08:21:02+00:00\",\"dateModified\":\"2024-10-15T16:36:27+00:00\",\"breadcrumb\":{\"@id\":\"http:\/\/anhidacoruna.com\/web\/que-es-el-tdah\/valoracion-y-tratamiento\/#breadcrumb\"},\"inLanguage\":\"es\",\"potentialAction\":[{\"@type\":\"ReadAction\",\"target\":[\"http:\/\/anhidacoruna.com\/web\/que-es-el-tdah\/valoracion-y-tratamiento\/\"]}]},{\"@type\":\"ImageObject\",\"inLanguage\":\"es\",\"@id\":\"http:\/\/anhidacoruna.com\/web\/que-es-el-tdah\/valoracion-y-tratamiento\/#primaryimage\",\"url\":\"http:\/\/anhidacoruna.com\/web\/wp-content\/uploads\/2015\/08\/diagnosticotdah.jpg\",\"contentUrl\":\"http:\/\/anhidacoruna.com\/web\/wp-content\/uploads\/2015\/08\/diagnosticotdah.jpg\",\"width\":700,\"height\":419,\"caption\":\"Portrait of diligent girl drawing something under tending of her teacher\"},{\"@type\":\"BreadcrumbList\",\"@id\":\"http:\/\/anhidacoruna.com\/web\/que-es-el-tdah\/valoracion-y-tratamiento\/#breadcrumb\",\"itemListElement\":[{\"@type\":\"ListItem\",\"position\":1,\"name\":\"Portada\",\"item\":\"http:\/\/anhidacoruna.com\/web\/\"},{\"@type\":\"ListItem\",\"position\":2,\"name\":\"\u00bfQu\u00e9 es el TDAH?\",\"item\":\"http:\/\/anhidacoruna.com\/web\/que-es-el-tdah\/\"},{\"@type\":\"ListItem\",\"position\":3,\"name\":\"Valoraci\u00f3n y tratamiento\"}]},{\"@type\":\"WebSite\",\"@id\":\"http:\/\/anhidacoruna.com\/web\/#website\",\"url\":\"http:\/\/anhidacoruna.com\/web\/\",\"name\":\"ANHIDACORU\u00d1A\",\"description\":\"\",\"publisher\":{\"@id\":\"http:\/\/anhidacoruna.com\/web\/#organization\"},\"potentialAction\":[{\"@type\":\"SearchAction\",\"target\":{\"@type\":\"EntryPoint\",\"urlTemplate\":\"http:\/\/anhidacoruna.com\/web\/?s={search_term_string}\"},\"query-input\":{\"@type\":\"PropertyValueSpecification\",\"valueRequired\":true,\"valueName\":\"search_term_string\"}}],\"inLanguage\":\"es\"},{\"@type\":\"Organization\",\"@id\":\"http:\/\/anhidacoruna.com\/web\/#organization\",\"name\":\"ANHIDACORU\u00d1A\",\"url\":\"http:\/\/anhidacoruna.com\/web\/\",\"logo\":{\"@type\":\"ImageObject\",\"inLanguage\":\"es\",\"@id\":\"http:\/\/anhidacoruna.com\/web\/#\/schema\/logo\/image\/\",\"url\":\"https:\/\/anhidacoruna.com\/web\/wp-content\/uploads\/2015\/08\/logoanhida.jpg\",\"contentUrl\":\"https:\/\/anhidacoruna.com\/web\/wp-content\/uploads\/2015\/08\/logoanhida.jpg\",\"width\":259,\"height\":132,\"caption\":\"ANHIDACORU\u00d1A\"},\"image\":{\"@id\":\"http:\/\/anhidacoruna.com\/web\/#\/schema\/logo\/image\/\"},\"sameAs\":[\"https:\/\/www.facebook.com\/anhidacoruna\",\"https:\/\/x.com\/anhidacoruna\"]}]}<\/script>\n<!-- \/ Yoast SEO plugin. -->","yoast_head_json":{"title":"Valoraci\u00f3n y tratamiento - ANHIDACORU\u00d1A","robots":{"index":"index","follow":"follow","max-snippet":"max-snippet:-1","max-image-preview":"max-image-preview:large","max-video-preview":"max-video-preview:-1"},"canonical":"http:\/\/anhidacoruna.com\/web\/que-es-el-tdah\/valoracion-y-tratamiento\/","og_locale":"es_ES","og_type":"article","og_title":"Valoraci\u00f3n y tratamiento - ANHIDACORU\u00d1A","og_description":"Valoraci\u00f3n Antes de nada, es imprescindible descartar d\u00e9ficits visuales y auditivos y tener en cuenta el riesgo de padecer TDAH motivado por una carga gen\u00e9tica familiar. Para realizar una valoraci\u00f3n diferencial y fiable es esencial tener en cuenta las entrevistas con los padres y la evaluaci\u00f3n escolar y a partir de ah\u00ed, aplicar pruebas estandarizadas [&hellip;]","og_url":"http:\/\/anhidacoruna.com\/web\/que-es-el-tdah\/valoracion-y-tratamiento\/","og_site_name":"ANHIDACORU\u00d1A","article_publisher":"https:\/\/www.facebook.com\/anhidacoruna","article_modified_time":"2024-10-15T16:36:27+00:00","og_image":[{"url":"http:\/\/anhidacoruna.com\/web\/wp-content\/uploads\/2015\/08\/diagnosticotdah.jpg","type":"","width":"","height":""}],"twitter_card":"summary_large_image","twitter_site":"@anhidacoruna","twitter_misc":{"Tiempo de lectura":"1 minuto"},"schema":{"@context":"https:\/\/schema.org","@graph":[{"@type":"WebPage","@id":"http:\/\/anhidacoruna.com\/web\/que-es-el-tdah\/valoracion-y-tratamiento\/","url":"http:\/\/anhidacoruna.com\/web\/que-es-el-tdah\/valoracion-y-tratamiento\/","name":"Valoraci\u00f3n y tratamiento - ANHIDACORU\u00d1A","isPartOf":{"@id":"http:\/\/anhidacoruna.com\/web\/#website"},"primaryImageOfPage":{"@id":"http:\/\/anhidacoruna.com\/web\/que-es-el-tdah\/valoracion-y-tratamiento\/#primaryimage"},"image":{"@id":"http:\/\/anhidacoruna.com\/web\/que-es-el-tdah\/valoracion-y-tratamiento\/#primaryimage"},"thumbnailUrl":"http:\/\/anhidacoruna.com\/web\/wp-content\/uploads\/2015\/08\/diagnosticotdah.jpg","datePublished":"2015-08-24T08:21:02+00:00","dateModified":"2024-10-15T16:36:27+00:00","breadcrumb":{"@id":"http:\/\/anhidacoruna.com\/web\/que-es-el-tdah\/valoracion-y-tratamiento\/#breadcrumb"},"inLanguage":"es","potentialAction":[{"@type":"ReadAction","target":["http:\/\/anhidacoruna.com\/web\/que-es-el-tdah\/valoracion-y-tratamiento\/"]}]},{"@type":"ImageObject","inLanguage":"es","@id":"http:\/\/anhidacoruna.com\/web\/que-es-el-tdah\/valoracion-y-tratamiento\/#primaryimage","url":"http:\/\/anhidacoruna.com\/web\/wp-content\/uploads\/2015\/08\/diagnosticotdah.jpg","contentUrl":"http:\/\/anhidacoruna.com\/web\/wp-content\/uploads\/2015\/08\/diagnosticotdah.jpg","width":700,"height":419,"caption":"Portrait of diligent girl drawing something under tending of her teacher"},{"@type":"BreadcrumbList","@id":"http:\/\/anhidacoruna.com\/web\/que-es-el-tdah\/valoracion-y-tratamiento\/#breadcrumb","itemListElement":[{"@type":"ListItem","position":1,"name":"Portada","item":"http:\/\/anhidacoruna.com\/web\/"},{"@type":"ListItem","position":2,"name":"\u00bfQu\u00e9 es el TDAH?","item":"http:\/\/anhidacoruna.com\/web\/que-es-el-tdah\/"},{"@type":"ListItem","position":3,"name":"Valoraci\u00f3n y tratamiento"}]},{"@type":"WebSite","@id":"http:\/\/anhidacoruna.com\/web\/#website","url":"http:\/\/anhidacoruna.com\/web\/","name":"ANHIDACORU\u00d1A","description":"","publisher":{"@id":"http:\/\/anhidacoruna.com\/web\/#organization"},"potentialAction":[{"@type":"SearchAction","target":{"@type":"EntryPoint","urlTemplate":"http:\/\/anhidacoruna.com\/web\/?s={search_term_string}"},"query-input":{"@type":"PropertyValueSpecification","valueRequired":true,"valueName":"search_term_string"}}],"inLanguage":"es"},{"@type":"Organization","@id":"http:\/\/anhidacoruna.com\/web\/#organization","name":"ANHIDACORU\u00d1A","url":"http:\/\/anhidacoruna.com\/web\/","logo":{"@type":"ImageObject","inLanguage":"es","@id":"http:\/\/anhidacoruna.com\/web\/#\/schema\/logo\/image\/","url":"https:\/\/anhidacoruna.com\/web\/wp-content\/uploads\/2015\/08\/logoanhida.jpg","contentUrl":"https:\/\/anhidacoruna.com\/web\/wp-content\/uploads\/2015\/08\/logoanhida.jpg","width":259,"height":132,"caption":"ANHIDACORU\u00d1A"},"image":{"@id":"http:\/\/anhidacoruna.com\/web\/#\/schema\/logo\/image\/"},"sameAs":["https:\/\/www.facebook.com\/anhidacoruna","https:\/\/x.com\/anhidacoruna"]}]}},"_links":{"self":[{"href":"http:\/\/anhidacoruna.com\/web\/wp-json\/wp\/v2\/pages\/120","targetHints":{"allow":["GET"]}}],"collection":[{"href":"http:\/\/anhidacoruna.com\/web\/wp-json\/wp\/v2\/pages"}],"about":[{"href":"http:\/\/anhidacoruna.com\/web\/wp-json\/wp\/v2\/types\/page"}],"author":[{"embeddable":true,"href":"http:\/\/anhidacoruna.com\/web\/wp-json\/wp\/v2\/users\/2"}],"replies":[{"embeddable":true,"href":"http:\/\/anhidacoruna.com\/web\/wp-json\/wp\/v2\/comments?post=120"}],"version-history":[{"count":6,"href":"http:\/\/anhidacoruna.com\/web\/wp-json\/wp\/v2\/pages\/120\/revisions"}],"predecessor-version":[{"id":1712,"href":"http:\/\/anhidacoruna.com\/web\/wp-json\/wp\/v2\/pages\/120\/revisions\/1712"}],"up":[{"embeddable":true,"href":"http:\/\/anhidacoruna.com\/web\/wp-json\/wp\/v2\/pages\/114"}],"wp:attachment":[{"href":"http:\/\/anhidacoruna.com\/web\/wp-json\/wp\/v2\/media?parent=120"}],"curies":[{"name":"wp","href":"https:\/\/api.w.org\/{rel}","templated":true}]}}